{"id":10,"date":"2015-09-30T16:44:18","date_gmt":"2015-09-30T16:44:18","guid":{"rendered":"https:\/\/icpcolombia.org\/dev\/?page_id=10"},"modified":"2017-10-10T10:36:17","modified_gmt":"2017-10-10T15:36:17","slug":"historia","status":"publish","type":"page","link":"https:\/\/icpcolombia.org\/dev\/que-es-icp\/historia\/","title":{"rendered":"Historia"},"content":{"rendered":"<p>[vc_row][vc_column][vc_column_text]<\/p>\n<p style=\"text-align: justify;\"><span style=\"font-weight: 400;\">En las \u00faltimas d\u00e9cadas del siglo XX, la institucionalidad y la sociedad colombiana tuvieron que hacer frente a complejos desaf\u00edos que condujeron a profundas transformaciones en diversos aspectos de la vida nacional. <\/span><\/p>\n<p style=\"text-align: justify;\"><span style=\"font-weight: 400;\">Consciente de la trascendencia del momento hist\u00f3rico que viv\u00eda el pa\u00eds, don Hern\u00e1n Echavarr\u00eda Ol\u00f3zaga tom\u00f3 la iniciativa de convocar a un grupo de empresarios, acad\u00e9micos e intelectuales con el fin de crear una instituci\u00f3n dedicada a la promoci\u00f3n de la democracia pluralista y la defensa de las libertades y aportar as\u00ed al perfeccionamiento de las instituciones y al desarrollo econ\u00f3mico y social.<\/span><\/p>\n<p style=\"text-align: justify;\"><span style=\"font-weight: 400;\">Convencidos de que <\/span><i><span style=\"font-weight: 400;\">\u201cla pol\u00edtica es tan seria e importante que no hay que dejarla s\u00f3lo en manos de los pol\u00edticos\u201d<\/span><\/i><span style=\"font-weight: 400;\">, el 19 de junio de 1987 se reunieron en la ciudad de Bogot\u00e1 los 88 firmantes del Acta de Constituci\u00f3n de la Fundaci\u00f3n Instituto de Ciencia Pol\u00edtica \u2013ICP y designaron como su primer director al profesor Ignacio Aguilar.<\/span><\/p>\n<p style=\"text-align: justify;\"><span style=\"font-weight: 400;\">En 2006, despu\u00e9s de la muerte de don Hern\u00e1n, el Instituto adopt\u00f3 su nombre como homenaje p\u00f3stumo.<\/span><\/p>\n<p style=\"text-align: justify;\"><span style=\"font-weight: 400;\">A lo largo de casi tres d\u00e9cadas, el Instituto ha dedicado sus esfuerzos a contribuir, a trav\u00e9s del an\u00e1lisis de las pol\u00edticas p\u00fablicas y de los procesos de toma de decisiones, a la vigencia del Estado de Derecho y a la garant\u00eda de las libertades individuales, pol\u00edticas y econ\u00f3micas. Fiel a los principios de libertad, responsabilidad e independencia, el ICP formula propuestas basadas en investigaciones y an\u00e1lisis rigurosos y lidera espacios de discusi\u00f3n multisectoriales sobre los temas m\u00e1s relevantes de la agenda p\u00fablica.<\/span><\/p>\n<p>[\/vc_column_text][vc_btn title=\u00bbActa de constituci\u00f3n\u00bb align=\u00bbright\u00bb link=\u00bburl:http%3A%2F%2Fwww.icpcolombia.org%2Fdev%2Fwp-content%2Fuploads%2F2015%2F12%2Facta-de-constitucion.pdf||target:%20_blank\u00bb el_class=\u00bblink-type-01&#8243;][\/vc_column][\/vc_row]<\/p>\n","protected":false},"excerpt":{"rendered":"<p>[vc_row][vc_column][vc_column_text] En las \u00faltimas d\u00e9cadas del siglo XX, la institucionalidad y la sociedad colombiana tuvieron que hacer frente a complejos desaf\u00edos que condujeron a profundas transformaciones en diversos aspectos de la vida nacional. Consciente de la trascendencia del momento hist\u00f3rico que viv\u00eda el pa\u00eds, don Hern\u00e1n Echavarr\u00eda Ol\u00f3zaga tom\u00f3 la iniciativa de convocar a un<\/p>\n","protected":false},"author":4,"featured_media":5853,"parent":8,"menu_order":0,"comment_status":"closed","ping_status":"closed","template":"","meta":{"footnotes":""},"class_list":["post-10","page","type-page","status-publish","has-post-thumbnail","hentry"],"yoast_head":"<!-- This site is optimized with the Yoast SEO plugin v23.1 - https:\/\/yoast.com\/wordpress\/plugins\/seo\/ -->\n<title>Historia - ICP<\/title>\n<meta name=\"robots\" content=\"index, follow, max-snippet:-1, max-image-preview:large, max-video-preview:-1\" \/>\n<link rel=\"canonical\" href=\"https:\/\/icpcolombia.org\/dev\/que-es-icp\/historia\/\" class=\"yoast-seo-meta-tag\" \/>\n<meta property=\"og:locale\" content=\"es_ES\" class=\"yoast-seo-meta-tag\" \/>\n<meta property=\"og:type\" content=\"article\" class=\"yoast-seo-meta-tag\" \/>\n<meta property=\"og:title\" content=\"Historia - ICP\" class=\"yoast-seo-meta-tag\" \/>\n<meta property=\"og:description\" content=\"[vc_row][vc_column][vc_column_text] En las \u00faltimas d\u00e9cadas del siglo XX, la institucionalidad y la sociedad colombiana tuvieron que hacer frente a complejos desaf\u00edos que condujeron a profundas transformaciones en diversos aspectos de la vida nacional. Consciente de la trascendencia del momento hist\u00f3rico que viv\u00eda el pa\u00eds, don Hern\u00e1n Echavarr\u00eda Ol\u00f3zaga tom\u00f3 la iniciativa de convocar a un\" class=\"yoast-seo-meta-tag\" \/>\n<meta property=\"og:url\" content=\"https:\/\/icpcolombia.org\/dev\/que-es-icp\/historia\/\" class=\"yoast-seo-meta-tag\" \/>\n<meta property=\"og:site_name\" content=\"ICP\" class=\"yoast-seo-meta-tag\" \/>\n<meta property=\"article:modified_time\" content=\"2017-10-10T15:36:17+00:00\" class=\"yoast-seo-meta-tag\" \/>\n<meta property=\"og:image\" content=\"https:\/\/icpcolombia.org\/dev\/wp-content\/uploads\/2015\/09\/HEOSALA.jpg\" class=\"yoast-seo-meta-tag\" \/>\n\t<meta property=\"og:image:width\" content=\"1112\" class=\"yoast-seo-meta-tag\" \/>\n\t<meta property=\"og:image:height\" content=\"402\" class=\"yoast-seo-meta-tag\" \/>\n\t<meta property=\"og:image:type\" content=\"image\/jpeg\" class=\"yoast-seo-meta-tag\" \/>\n<meta name=\"twitter:card\" content=\"summary_large_image\" class=\"yoast-seo-meta-tag\" \/>\n<meta name=\"twitter:label1\" content=\"Tiempo de lectura\" class=\"yoast-seo-meta-tag\" \/>\n\t<meta name=\"twitter:data1\" content=\"2 minutos\" class=\"yoast-seo-meta-tag\" \/>\n<script type=\"application\/ld+json\" class=\"yoast-schema-graph\">{\"@context\":\"https:\/\/schema.org\",\"@graph\":[{\"@type\":\"WebPage\",\"@id\":\"https:\/\/icpcolombia.org\/dev\/que-es-icp\/historia\/\",\"url\":\"https:\/\/icpcolombia.org\/dev\/que-es-icp\/historia\/\",\"name\":\"Historia - ICP\",\"isPartOf\":{\"@id\":\"\/#website\"},\"primaryImageOfPage\":{\"@id\":\"https:\/\/icpcolombia.org\/dev\/que-es-icp\/historia\/#primaryimage\"},\"image\":{\"@id\":\"https:\/\/icpcolombia.org\/dev\/que-es-icp\/historia\/#primaryimage\"},\"thumbnailUrl\":\"https:\/\/icpcolombia.org\/dev\/wp-content\/uploads\/2015\/09\/HEOSALA.jpg\",\"datePublished\":\"2015-09-30T16:44:18+00:00\",\"dateModified\":\"2017-10-10T15:36:17+00:00\",\"breadcrumb\":{\"@id\":\"https:\/\/icpcolombia.org\/dev\/que-es-icp\/historia\/#breadcrumb\"},\"inLanguage\":\"es\",\"potentialAction\":[{\"@type\":\"ReadAction\",\"target\":[\"https:\/\/icpcolombia.org\/dev\/que-es-icp\/historia\/\"]}]},{\"@type\":\"ImageObject\",\"inLanguage\":\"es\",\"@id\":\"https:\/\/icpcolombia.org\/dev\/que-es-icp\/historia\/#primaryimage\",\"url\":\"https:\/\/icpcolombia.org\/dev\/wp-content\/uploads\/2015\/09\/HEOSALA.jpg\",\"contentUrl\":\"https:\/\/icpcolombia.org\/dev\/wp-content\/uploads\/2015\/09\/HEOSALA.jpg\",\"width\":1112,\"height\":402},{\"@type\":\"BreadcrumbList\",\"@id\":\"https:\/\/icpcolombia.org\/dev\/que-es-icp\/historia\/#breadcrumb\",\"itemListElement\":[{\"@type\":\"ListItem\",\"position\":1,\"name\":\"Home\",\"item\":\"https:\/\/icpcolombia.org\/dev\/que-es-icp\/\"},{\"@type\":\"ListItem\",\"position\":2,\"name\":\"Historia\"}]},{\"@type\":\"WebSite\",\"@id\":\"\/#website\",\"url\":\"\/\",\"name\":\"ICP\",\"description\":\"Instituto de Ciencia Pol\u00edtica Hern\u00e1n Echavarr\u00eda Ol\u00f3zaga\",\"publisher\":{\"@id\":\"\/#organization\"},\"potentialAction\":[{\"@type\":\"SearchAction\",\"target\":{\"@type\":\"EntryPoint\",\"urlTemplate\":\"\/?s={search_term_string}\"},\"query-input\":\"required name=search_term_string\"}],\"inLanguage\":\"es\"},{\"@type\":\"Organization\",\"@id\":\"\/#organization\",\"name\":\"ICP Colombia\",\"url\":\"\/\",\"logo\":{\"@type\":\"ImageObject\",\"inLanguage\":\"es\",\"@id\":\"\/#\/schema\/logo\/image\/\",\"url\":\"https:\/\/www.icpcolombia.org\/dev\/wp-content\/uploads\/2015\/11\/Logo1.png\",\"contentUrl\":\"https:\/\/www.icpcolombia.org\/dev\/wp-content\/uploads\/2015\/11\/Logo1.png\",\"width\":192,\"height\":82,\"caption\":\"ICP Colombia\"},\"image\":{\"@id\":\"\/#\/schema\/logo\/image\/\"}}]}<\/script>\n<!-- \/ Yoast SEO plugin. -->","yoast_head_json":{"title":"Historia - ICP","robots":{"index":"index","follow":"follow","max-snippet":"max-snippet:-1","max-image-preview":"max-image-preview:large","max-video-preview":"max-video-preview:-1"},"canonical":"https:\/\/icpcolombia.org\/dev\/que-es-icp\/historia\/","og_locale":"es_ES","og_type":"article","og_title":"Historia - ICP","og_description":"[vc_row][vc_column][vc_column_text] En las \u00faltimas d\u00e9cadas del siglo XX, la institucionalidad y la sociedad colombiana tuvieron que hacer frente a complejos desaf\u00edos que condujeron a profundas transformaciones en diversos aspectos de la vida nacional. Consciente de la trascendencia del momento hist\u00f3rico que viv\u00eda el pa\u00eds, don Hern\u00e1n Echavarr\u00eda Ol\u00f3zaga tom\u00f3 la iniciativa de convocar a un","og_url":"https:\/\/icpcolombia.org\/dev\/que-es-icp\/historia\/","og_site_name":"ICP","article_modified_time":"2017-10-10T15:36:17+00:00","og_image":[{"width":1112,"height":402,"url":"https:\/\/icpcolombia.org\/dev\/wp-content\/uploads\/2015\/09\/HEOSALA.jpg","type":"image\/jpeg"}],"twitter_card":"summary_large_image","twitter_misc":{"Tiempo de lectura":"2 minutos"},"schema":{"@context":"https:\/\/schema.org","@graph":[{"@type":"WebPage","@id":"https:\/\/icpcolombia.org\/dev\/que-es-icp\/historia\/","url":"https:\/\/icpcolombia.org\/dev\/que-es-icp\/historia\/","name":"Historia - ICP","isPartOf":{"@id":"\/#website"},"primaryImageOfPage":{"@id":"https:\/\/icpcolombia.org\/dev\/que-es-icp\/historia\/#primaryimage"},"image":{"@id":"https:\/\/icpcolombia.org\/dev\/que-es-icp\/historia\/#primaryimage"},"thumbnailUrl":"https:\/\/icpcolombia.org\/dev\/wp-content\/uploads\/2015\/09\/HEOSALA.jpg","datePublished":"2015-09-30T16:44:18+00:00","dateModified":"2017-10-10T15:36:17+00:00","breadcrumb":{"@id":"https:\/\/icpcolombia.org\/dev\/que-es-icp\/historia\/#breadcrumb"},"inLanguage":"es","potentialAction":[{"@type":"ReadAction","target":["https:\/\/icpcolombia.org\/dev\/que-es-icp\/historia\/"]}]},{"@type":"ImageObject","inLanguage":"es","@id":"https:\/\/icpcolombia.org\/dev\/que-es-icp\/historia\/#primaryimage","url":"https:\/\/icpcolombia.org\/dev\/wp-content\/uploads\/2015\/09\/HEOSALA.jpg","contentUrl":"https:\/\/icpcolombia.org\/dev\/wp-content\/uploads\/2015\/09\/HEOSALA.jpg","width":1112,"height":402},{"@type":"BreadcrumbList","@id":"https:\/\/icpcolombia.org\/dev\/que-es-icp\/historia\/#breadcrumb","itemListElement":[{"@type":"ListItem","position":1,"name":"Home","item":"https:\/\/icpcolombia.org\/dev\/que-es-icp\/"},{"@type":"ListItem","position":2,"name":"Historia"}]},{"@type":"WebSite","@id":"\/#website","url":"\/","name":"ICP","description":"Instituto de Ciencia Pol\u00edtica Hern\u00e1n Echavarr\u00eda Ol\u00f3zaga","publisher":{"@id":"\/#organization"},"potentialAction":[{"@type":"SearchAction","target":{"@type":"EntryPoint","urlTemplate":"\/?s={search_term_string}"},"query-input":"required name=search_term_string"}],"inLanguage":"es"},{"@type":"Organization","@id":"\/#organization","name":"ICP Colombia","url":"\/","logo":{"@type":"ImageObject","inLanguage":"es","@id":"\/#\/schema\/logo\/image\/","url":"https:\/\/www.icpcolombia.org\/dev\/wp-content\/uploads\/2015\/11\/Logo1.png","contentUrl":"https:\/\/www.icpcolombia.org\/dev\/wp-content\/uploads\/2015\/11\/Logo1.png","width":192,"height":82,"caption":"ICP Colombia"},"image":{"@id":"\/#\/schema\/logo\/image\/"}}]}},"_links":{"self":[{"href":"https:\/\/icpcolombia.org\/dev\/wp-json\/wp\/v2\/pages\/10"}],"collection":[{"href":"https:\/\/icpcolombia.org\/dev\/wp-json\/wp\/v2\/pages"}],"about":[{"href":"https:\/\/icpcolombia.org\/dev\/wp-json\/wp\/v2\/types\/page"}],"author":[{"embeddable":true,"href":"https:\/\/icpcolombia.org\/dev\/wp-json\/wp\/v2\/users\/4"}],"replies":[{"embeddable":true,"href":"https:\/\/icpcolombia.org\/dev\/wp-json\/wp\/v2\/comments?post=10"}],"version-history":[{"count":13,"href":"https:\/\/icpcolombia.org\/dev\/wp-json\/wp\/v2\/pages\/10\/revisions"}],"predecessor-version":[{"id":865,"href":"https:\/\/icpcolombia.org\/dev\/wp-json\/wp\/v2\/pages\/10\/revisions\/865"}],"up":[{"embeddable":true,"href":"https:\/\/icpcolombia.org\/dev\/wp-json\/wp\/v2\/pages\/8"}],"wp:featuredmedia":[{"embeddable":true,"href":"https:\/\/icpcolombia.org\/dev\/wp-json\/wp\/v2\/media\/5853"}],"wp:attachment":[{"href":"https:\/\/icpcolombia.org\/dev\/wp-json\/wp\/v2\/media?parent=10"}],"curies":[{"name":"wp","href":"https:\/\/api.w.org\/{rel}","templated":true}]}}