{"id":12,"date":"2015-09-30T16:44:33","date_gmt":"2015-09-30T16:44:33","guid":{"rendered":"https:\/\/icpcolombia.org\/dev\/?page_id=12"},"modified":"2017-10-10T09:44:18","modified_gmt":"2017-10-10T14:44:18","slug":"don-hernan-echavarria","status":"publish","type":"page","link":"https:\/\/icpcolombia.org\/dev\/que-es-icp\/don-hernan-echavarria\/","title":{"rendered":"Don Hern\u00e1n Echavarr\u00eda"},"content":{"rendered":"<p style=\"text-align: justify;\">Don Hern\u00e1n Echavarr\u00eda Ol\u00f3zaga naci\u00f3 en Medell\u00edn el 7 de abril de 1911. Fue un empresario, dirigente gremial, servidor p\u00fablico, periodista, escritor, pensador y fil\u00e1ntropo colombiano.<\/p>\n<p style=\"text-align: justify;\">Siendo muy joven, parti\u00f3 a Inglaterra para adelantar sus estudios. Se gradu\u00f3 como Ingeniero Mec\u00e1nico en Victoria University, en la ciudad de Manchester, y en los primeros a\u00f1os de la d\u00e9cada de 1930 realiz\u00f3 estudios de Econom\u00eda en el London School of Economics donde desarroll\u00f3 una fuerte admiraci\u00f3n por John Maynard Keynes.<\/p>\n<p style=\"text-align: justify;\">En 1933 regres\u00f3 al pa\u00eds para dar inicio a su carrera profesional en las empresas de su familia. Estuvo vinculado a diferentes compa\u00f1\u00edas, entre ellas Coltejer; Alfa; Pepalfa y Dupont, Echavarr\u00eda &amp; Cabo. Tras la muerte de su padre en 1943, asumi\u00f3 la direcci\u00f3n de Locer\u00eda Colombiana, empresa que dar\u00eda origen a la Organizaci\u00f3n Corona.<\/p>\n<p style=\"text-align: justify;\">En 1942, en compa\u00f1\u00eda de otros importantes pensadores, constituy\u00f3 la Facultad de Econom\u00eda Industrial y Comercial que deriv\u00f3 algunos a\u00f1os despu\u00e9s en la creaci\u00f3n de la Universidad de Los Andes y del Colegio de Estudios Superiores de Administraci\u00f3n \u2013CESA. Tambi\u00e9n particip\u00f3 activamente en la fundaci\u00f3n de las universidades EAFIT de Medell\u00edn, ICESI de Cali, Aut\u00f3noma de Bucaramanga y la Universidad del Norte de Barranquilla.<\/p>\n<p style=\"text-align: justify;\">En diferentes momentos asumi\u00f3 responsabilidades en el sector p\u00fablico. En los a\u00f1os 40 particip\u00f3 en el segundo gobierno del Presidente Alfonso L\u00f3pez Pumarejo como ministro de Obras P\u00fablicas y en la d\u00e9cada de 1960 se desempe\u00f1\u00f3 como ministro de Comunicaciones del gobierno de Alberto Lleras Camargo y como Embajador de Colombia ante el gobierno de los Estados Unidos durante la administraci\u00f3n de Carlos Lleras Restrepo.<\/p>\n<p style=\"text-align: justify;\">Sus obras sobre econom\u00eda y administraci\u00f3n se empezaron a publicar en la d\u00e9cada de 1940. A comienzos de los a\u00f1os 50 dirigi\u00f3 la revista Semana y durante varias d\u00e9cadas escribi\u00f3 columnas en el diario El Tiempo.<\/p>\n<p style=\"text-align: justify;\">Don Hern\u00e1n Echavarr\u00eda fue un reconocido intelectual y humanista. Impulsado por su esp\u00edritu social, fund\u00f3 la Fundaci\u00f3n Natura, la Fundaci\u00f3n Corona y Profamilia. Convencido de que s\u00f3lo a trav\u00e9s de la transparencia y de una democracia efectiva ser\u00eda posible mantener la credibilidad en el sistema pol\u00edtico del pa\u00eds, promovi\u00f3 la creaci\u00f3n de Fedesarrollo, el Instituto SER de Investigaci\u00f3n, la Corporaci\u00f3n Excelencia en la Justicia, la Fundaci\u00f3n Liderazgo y Democracia y el Instituto de Ciencia Pol\u00edtica.<\/p>\n<p style=\"text-align: justify;\">Muri\u00f3 el 21 de febrero de 2006.<\/p>\n","protected":false},"excerpt":{"rendered":"<p>Don Hern\u00e1n Echavarr\u00eda Ol\u00f3zaga naci\u00f3 en Medell\u00edn el 7 de abril de 1911. Fue un empresario, dirigente gremial, servidor p\u00fablico, periodista, escritor, pensador y fil\u00e1ntropo colombiano. Siendo muy joven, parti\u00f3 a Inglaterra para adelantar sus estudios. Se gradu\u00f3 como Ingeniero Mec\u00e1nico en Victoria University, en la ciudad de Manchester, y en los primeros a\u00f1os de<\/p>\n","protected":false},"author":4,"featured_media":802,"parent":8,"menu_order":0,"comment_status":"closed","ping_status":"closed","template":"","meta":{"footnotes":""},"class_list":["post-12","page","type-page","status-publish","has-post-thumbnail","hentry"],"yoast_head":"<!-- This site is optimized with the Yoast SEO plugin v23.1 - https:\/\/yoast.com\/wordpress\/plugins\/seo\/ -->\n<title>Don Hern\u00e1n Echavarr\u00eda - ICP<\/title>\n<meta name=\"robots\" content=\"index, follow, max-snippet:-1, max-image-preview:large, max-video-preview:-1\" \/>\n<link rel=\"canonical\" href=\"https:\/\/icpcolombia.org\/dev\/que-es-icp\/don-hernan-echavarria\/\" class=\"yoast-seo-meta-tag\" \/>\n<meta property=\"og:locale\" content=\"es_ES\" class=\"yoast-seo-meta-tag\" \/>\n<meta property=\"og:type\" content=\"article\" class=\"yoast-seo-meta-tag\" \/>\n<meta property=\"og:title\" content=\"Don Hern\u00e1n Echavarr\u00eda - ICP\" class=\"yoast-seo-meta-tag\" \/>\n<meta property=\"og:description\" content=\"Don Hern\u00e1n Echavarr\u00eda Ol\u00f3zaga naci\u00f3 en Medell\u00edn el 7 de abril de 1911. Fue un empresario, dirigente gremial, servidor p\u00fablico, periodista, escritor, pensador y fil\u00e1ntropo colombiano. Siendo muy joven, parti\u00f3 a Inglaterra para adelantar sus estudios. Se gradu\u00f3 como Ingeniero Mec\u00e1nico en Victoria University, en la ciudad de Manchester, y en los primeros a\u00f1os de\" class=\"yoast-seo-meta-tag\" \/>\n<meta property=\"og:url\" content=\"https:\/\/icpcolombia.org\/dev\/que-es-icp\/don-hernan-echavarria\/\" class=\"yoast-seo-meta-tag\" \/>\n<meta property=\"og:site_name\" content=\"ICP\" class=\"yoast-seo-meta-tag\" \/>\n<meta property=\"article:modified_time\" content=\"2017-10-10T14:44:18+00:00\" class=\"yoast-seo-meta-tag\" \/>\n<meta property=\"og:image\" content=\"https:\/\/icpcolombia.org\/dev\/wp-content\/uploads\/2015\/09\/don-2.png\" class=\"yoast-seo-meta-tag\" \/>\n\t<meta property=\"og:image:width\" content=\"1280\" class=\"yoast-seo-meta-tag\" \/>\n\t<meta property=\"og:image:height\" content=\"402\" class=\"yoast-seo-meta-tag\" \/>\n\t<meta property=\"og:image:type\" content=\"image\/png\" class=\"yoast-seo-meta-tag\" \/>\n<meta name=\"twitter:card\" content=\"summary_large_image\" class=\"yoast-seo-meta-tag\" \/>\n<meta name=\"twitter:label1\" content=\"Tiempo de lectura\" class=\"yoast-seo-meta-tag\" \/>\n\t<meta name=\"twitter:data1\" content=\"2 minutos\" class=\"yoast-seo-meta-tag\" \/>\n<script type=\"application\/ld+json\" class=\"yoast-schema-graph\">{\"@context\":\"https:\/\/schema.org\",\"@graph\":[{\"@type\":\"WebPage\",\"@id\":\"https:\/\/icpcolombia.org\/dev\/que-es-icp\/don-hernan-echavarria\/\",\"url\":\"https:\/\/icpcolombia.org\/dev\/que-es-icp\/don-hernan-echavarria\/\",\"name\":\"Don Hern\u00e1n Echavarr\u00eda - ICP\",\"isPartOf\":{\"@id\":\"\/#website\"},\"primaryImageOfPage\":{\"@id\":\"https:\/\/icpcolombia.org\/dev\/que-es-icp\/don-hernan-echavarria\/#primaryimage\"},\"image\":{\"@id\":\"https:\/\/icpcolombia.org\/dev\/que-es-icp\/don-hernan-echavarria\/#primaryimage\"},\"thumbnailUrl\":\"https:\/\/icpcolombia.org\/dev\/wp-content\/uploads\/2015\/09\/don-2.png\",\"datePublished\":\"2015-09-30T16:44:33+00:00\",\"dateModified\":\"2017-10-10T14:44:18+00:00\",\"breadcrumb\":{\"@id\":\"https:\/\/icpcolombia.org\/dev\/que-es-icp\/don-hernan-echavarria\/#breadcrumb\"},\"inLanguage\":\"es\",\"potentialAction\":[{\"@type\":\"ReadAction\",\"target\":[\"https:\/\/icpcolombia.org\/dev\/que-es-icp\/don-hernan-echavarria\/\"]}]},{\"@type\":\"ImageObject\",\"inLanguage\":\"es\",\"@id\":\"https:\/\/icpcolombia.org\/dev\/que-es-icp\/don-hernan-echavarria\/#primaryimage\",\"url\":\"https:\/\/icpcolombia.org\/dev\/wp-content\/uploads\/2015\/09\/don-2.png\",\"contentUrl\":\"https:\/\/icpcolombia.org\/dev\/wp-content\/uploads\/2015\/09\/don-2.png\",\"width\":1280,\"height\":402},{\"@type\":\"BreadcrumbList\",\"@id\":\"https:\/\/icpcolombia.org\/dev\/que-es-icp\/don-hernan-echavarria\/#breadcrumb\",\"itemListElement\":[{\"@type\":\"ListItem\",\"position\":1,\"name\":\"Home\",\"item\":\"https:\/\/icpcolombia.org\/dev\/que-es-icp\/\"},{\"@type\":\"ListItem\",\"position\":2,\"name\":\"Don Hern\u00e1n Echavarr\u00eda\"}]},{\"@type\":\"WebSite\",\"@id\":\"\/#website\",\"url\":\"\/\",\"name\":\"ICP\",\"description\":\"Instituto de Ciencia Pol\u00edtica Hern\u00e1n Echavarr\u00eda Ol\u00f3zaga\",\"publisher\":{\"@id\":\"\/#organization\"},\"potentialAction\":[{\"@type\":\"SearchAction\",\"target\":{\"@type\":\"EntryPoint\",\"urlTemplate\":\"\/?s={search_term_string}\"},\"query-input\":\"required name=search_term_string\"}],\"inLanguage\":\"es\"},{\"@type\":\"Organization\",\"@id\":\"\/#organization\",\"name\":\"ICP Colombia\",\"url\":\"\/\",\"logo\":{\"@type\":\"ImageObject\",\"inLanguage\":\"es\",\"@id\":\"\/#\/schema\/logo\/image\/\",\"url\":\"https:\/\/www.icpcolombia.org\/dev\/wp-content\/uploads\/2015\/11\/Logo1.png\",\"contentUrl\":\"https:\/\/www.icpcolombia.org\/dev\/wp-content\/uploads\/2015\/11\/Logo1.png\",\"width\":192,\"height\":82,\"caption\":\"ICP Colombia\"},\"image\":{\"@id\":\"\/#\/schema\/logo\/image\/\"}}]}<\/script>\n<!-- \/ Yoast SEO plugin. -->","yoast_head_json":{"title":"Don Hern\u00e1n Echavarr\u00eda - ICP","robots":{"index":"index","follow":"follow","max-snippet":"max-snippet:-1","max-image-preview":"max-image-preview:large","max-video-preview":"max-video-preview:-1"},"canonical":"https:\/\/icpcolombia.org\/dev\/que-es-icp\/don-hernan-echavarria\/","og_locale":"es_ES","og_type":"article","og_title":"Don Hern\u00e1n Echavarr\u00eda - ICP","og_description":"Don Hern\u00e1n Echavarr\u00eda Ol\u00f3zaga naci\u00f3 en Medell\u00edn el 7 de abril de 1911. Fue un empresario, dirigente gremial, servidor p\u00fablico, periodista, escritor, pensador y fil\u00e1ntropo colombiano. Siendo muy joven, parti\u00f3 a Inglaterra para adelantar sus estudios. Se gradu\u00f3 como Ingeniero Mec\u00e1nico en Victoria University, en la ciudad de Manchester, y en los primeros a\u00f1os de","og_url":"https:\/\/icpcolombia.org\/dev\/que-es-icp\/don-hernan-echavarria\/","og_site_name":"ICP","article_modified_time":"2017-10-10T14:44:18+00:00","og_image":[{"width":1280,"height":402,"url":"https:\/\/icpcolombia.org\/dev\/wp-content\/uploads\/2015\/09\/don-2.png","type":"image\/png"}],"twitter_card":"summary_large_image","twitter_misc":{"Tiempo de lectura":"2 minutos"},"schema":{"@context":"https:\/\/schema.org","@graph":[{"@type":"WebPage","@id":"https:\/\/icpcolombia.org\/dev\/que-es-icp\/don-hernan-echavarria\/","url":"https:\/\/icpcolombia.org\/dev\/que-es-icp\/don-hernan-echavarria\/","name":"Don Hern\u00e1n Echavarr\u00eda - ICP","isPartOf":{"@id":"\/#website"},"primaryImageOfPage":{"@id":"https:\/\/icpcolombia.org\/dev\/que-es-icp\/don-hernan-echavarria\/#primaryimage"},"image":{"@id":"https:\/\/icpcolombia.org\/dev\/que-es-icp\/don-hernan-echavarria\/#primaryimage"},"thumbnailUrl":"https:\/\/icpcolombia.org\/dev\/wp-content\/uploads\/2015\/09\/don-2.png","datePublished":"2015-09-30T16:44:33+00:00","dateModified":"2017-10-10T14:44:18+00:00","breadcrumb":{"@id":"https:\/\/icpcolombia.org\/dev\/que-es-icp\/don-hernan-echavarria\/#breadcrumb"},"inLanguage":"es","potentialAction":[{"@type":"ReadAction","target":["https:\/\/icpcolombia.org\/dev\/que-es-icp\/don-hernan-echavarria\/"]}]},{"@type":"ImageObject","inLanguage":"es","@id":"https:\/\/icpcolombia.org\/dev\/que-es-icp\/don-hernan-echavarria\/#primaryimage","url":"https:\/\/icpcolombia.org\/dev\/wp-content\/uploads\/2015\/09\/don-2.png","contentUrl":"https:\/\/icpcolombia.org\/dev\/wp-content\/uploads\/2015\/09\/don-2.png","width":1280,"height":402},{"@type":"BreadcrumbList","@id":"https:\/\/icpcolombia.org\/dev\/que-es-icp\/don-hernan-echavarria\/#breadcrumb","itemListElement":[{"@type":"ListItem","position":1,"name":"Home","item":"https:\/\/icpcolombia.org\/dev\/que-es-icp\/"},{"@type":"ListItem","position":2,"name":"Don Hern\u00e1n Echavarr\u00eda"}]},{"@type":"WebSite","@id":"\/#website","url":"\/","name":"ICP","description":"Instituto de Ciencia Pol\u00edtica Hern\u00e1n Echavarr\u00eda Ol\u00f3zaga","publisher":{"@id":"\/#organization"},"potentialAction":[{"@type":"SearchAction","target":{"@type":"EntryPoint","urlTemplate":"\/?s={search_term_string}"},"query-input":"required name=search_term_string"}],"inLanguage":"es"},{"@type":"Organization","@id":"\/#organization","name":"ICP Colombia","url":"\/","logo":{"@type":"ImageObject","inLanguage":"es","@id":"\/#\/schema\/logo\/image\/","url":"https:\/\/www.icpcolombia.org\/dev\/wp-content\/uploads\/2015\/11\/Logo1.png","contentUrl":"https:\/\/www.icpcolombia.org\/dev\/wp-content\/uploads\/2015\/11\/Logo1.png","width":192,"height":82,"caption":"ICP Colombia"},"image":{"@id":"\/#\/schema\/logo\/image\/"}}]}},"_links":{"self":[{"href":"https:\/\/icpcolombia.org\/dev\/wp-json\/wp\/v2\/pages\/12"}],"collection":[{"href":"https:\/\/icpcolombia.org\/dev\/wp-json\/wp\/v2\/pages"}],"about":[{"href":"https:\/\/icpcolombia.org\/dev\/wp-json\/wp\/v2\/types\/page"}],"author":[{"embeddable":true,"href":"https:\/\/icpcolombia.org\/dev\/wp-json\/wp\/v2\/users\/4"}],"replies":[{"embeddable":true,"href":"https:\/\/icpcolombia.org\/dev\/wp-json\/wp\/v2\/comments?post=12"}],"version-history":[{"count":8,"href":"https:\/\/icpcolombia.org\/dev\/wp-json\/wp\/v2\/pages\/12\/revisions"}],"predecessor-version":[{"id":817,"href":"https:\/\/icpcolombia.org\/dev\/wp-json\/wp\/v2\/pages\/12\/revisions\/817"}],"up":[{"embeddable":true,"href":"https:\/\/icpcolombia.org\/dev\/wp-json\/wp\/v2\/pages\/8"}],"wp:featuredmedia":[{"embeddable":true,"href":"https:\/\/icpcolombia.org\/dev\/wp-json\/wp\/v2\/media\/802"}],"wp:attachment":[{"href":"https:\/\/icpcolombia.org\/dev\/wp-json\/wp\/v2\/media?parent=12"}],"curies":[{"name":"wp","href":"https:\/\/api.w.org\/{rel}","templated":true}]}}