{"id":281,"date":"2015-11-30T16:03:57","date_gmt":"2015-11-30T16:03:57","guid":{"rendered":"https:\/\/icpcolombia.org\/dev\/?page_id=281"},"modified":"2019-09-06T10:33:13","modified_gmt":"2019-09-06T15:33:13","slug":"apoyenos","status":"publish","type":"page","link":"https:\/\/icpcolombia.org\/dev\/apoyenos\/","title":{"rendered":"Ap\u00f3yenos con su donaci\u00f3n"},"content":{"rendered":"<p>[vc_row][vc_column][vc_column_text]Su apoyo es fundamental para que el ICP cumpla con su misi\u00f3n de promover los principios de la democracia pluralista y la econom\u00eda de mercado.<\/p>\n<p>Con su donaci\u00f3n continuaremos nuestro trabajo riguroso de investigaci\u00f3n y an\u00e1lisis, y la promoci\u00f3n de espacios de discusi\u00f3n que fortalezcan nuestras instituciones y contribuyan al desarrollo social y econ\u00f3mico.[\/vc_column_text][\/vc_column][\/vc_row][vc_row][vc_column css=\u00bb.vc_custom_1567783781994{border-radius: 1px !important;}\u00bb][vc_btn title=\u00bbDONE AQU\u00cd\u00bb style=\u00bbclassic\u00bb color=\u00bbdanger\u00bb size=\u00bblg\u00bb align=\u00bbcenter\u00bb link=\u00bburl:https%3A%2F%2Fwww.zonapagos.com%2Ft_Fundacioninstdeciencia||target:%20_blank|\u00bb][\/vc_column][\/vc_row]<\/p>\n","protected":false},"excerpt":{"rendered":"<p>[vc_row][vc_column][vc_column_text]Su apoyo es fundamental para que el ICP cumpla con su misi\u00f3n de promover los principios de la democracia pluralista y la econom\u00eda de mercado. Con su donaci\u00f3n continuaremos nuestro trabajo riguroso de investigaci\u00f3n y an\u00e1lisis, y la promoci\u00f3n de espacios de discusi\u00f3n que fortalezcan nuestras instituciones y contribuyan al desarrollo social y econ\u00f3mico.[\/vc_column_text][\/vc_column][\/vc_row][vc_row][vc_column css=\u00bb.vc_custom_1567783781994{border-radius:<\/p>\n","protected":false},"author":4,"featured_media":5816,"parent":0,"menu_order":0,"comment_status":"closed","ping_status":"closed","template":"template-apoyenos.php","meta":{"footnotes":""},"class_list":["post-281","page","type-page","status-publish","has-post-thumbnail","hentry"],"yoast_head":"<!-- This site is optimized with the Yoast SEO plugin v23.1 - https:\/\/yoast.com\/wordpress\/plugins\/seo\/ -->\n<title>Ap\u00f3yenos con su donaci\u00f3n - ICP<\/title>\n<meta name=\"robots\" content=\"index, follow, max-snippet:-1, max-image-preview:large, max-video-preview:-1\" \/>\n<link rel=\"canonical\" href=\"https:\/\/icpcolombia.org\/dev\/apoyenos\/\" class=\"yoast-seo-meta-tag\" \/>\n<meta property=\"og:locale\" content=\"es_ES\" class=\"yoast-seo-meta-tag\" \/>\n<meta property=\"og:type\" content=\"article\" class=\"yoast-seo-meta-tag\" \/>\n<meta property=\"og:title\" content=\"Ap\u00f3yenos con su donaci\u00f3n - ICP\" class=\"yoast-seo-meta-tag\" \/>\n<meta property=\"og:description\" content=\"[vc_row][vc_column][vc_column_text]Su apoyo es fundamental para que el ICP cumpla con su misi\u00f3n de promover los principios de la democracia pluralista y la econom\u00eda de mercado. Con su donaci\u00f3n continuaremos nuestro trabajo riguroso de investigaci\u00f3n y an\u00e1lisis, y la promoci\u00f3n de espacios de discusi\u00f3n que fortalezcan nuestras instituciones y contribuyan al desarrollo social y econ\u00f3mico.[\/vc_column_text][\/vc_column][\/vc_row][vc_row][vc_column css=\u00bb.vc_custom_1567783781994{border-radius:\" class=\"yoast-seo-meta-tag\" \/>\n<meta property=\"og:url\" content=\"https:\/\/icpcolombia.org\/dev\/apoyenos\/\" class=\"yoast-seo-meta-tag\" \/>\n<meta property=\"og:site_name\" content=\"ICP\" class=\"yoast-seo-meta-tag\" \/>\n<meta property=\"article:modified_time\" content=\"2019-09-06T15:33:13+00:00\" class=\"yoast-seo-meta-tag\" \/>\n<meta property=\"og:image\" content=\"https:\/\/icpcolombia.org\/dev\/wp-content\/uploads\/2015\/11\/Bann.jpg\" class=\"yoast-seo-meta-tag\" \/>\n\t<meta property=\"og:image:width\" content=\"1620\" class=\"yoast-seo-meta-tag\" \/>\n\t<meta property=\"og:image:height\" content=\"365\" class=\"yoast-seo-meta-tag\" \/>\n\t<meta property=\"og:image:type\" content=\"image\/jpeg\" class=\"yoast-seo-meta-tag\" \/>\n<meta name=\"twitter:card\" content=\"summary_large_image\" class=\"yoast-seo-meta-tag\" \/>\n<meta name=\"twitter:label1\" content=\"Tiempo de lectura\" class=\"yoast-seo-meta-tag\" \/>\n\t<meta name=\"twitter:data1\" content=\"1 minuto\" class=\"yoast-seo-meta-tag\" \/>\n<script type=\"application\/ld+json\" class=\"yoast-schema-graph\">{\"@context\":\"https:\/\/schema.org\",\"@graph\":[{\"@type\":\"WebPage\",\"@id\":\"https:\/\/icpcolombia.org\/dev\/apoyenos\/\",\"url\":\"https:\/\/icpcolombia.org\/dev\/apoyenos\/\",\"name\":\"Ap\u00f3yenos con su donaci\u00f3n - ICP\",\"isPartOf\":{\"@id\":\"\/#website\"},\"primaryImageOfPage\":{\"@id\":\"https:\/\/icpcolombia.org\/dev\/apoyenos\/#primaryimage\"},\"image\":{\"@id\":\"https:\/\/icpcolombia.org\/dev\/apoyenos\/#primaryimage\"},\"thumbnailUrl\":\"https:\/\/icpcolombia.org\/dev\/wp-content\/uploads\/2015\/11\/Bann.jpg\",\"datePublished\":\"2015-11-30T16:03:57+00:00\",\"dateModified\":\"2019-09-06T15:33:13+00:00\",\"inLanguage\":\"es\",\"potentialAction\":[{\"@type\":\"ReadAction\",\"target\":[\"https:\/\/icpcolombia.org\/dev\/apoyenos\/\"]}]},{\"@type\":\"ImageObject\",\"inLanguage\":\"es\",\"@id\":\"https:\/\/icpcolombia.org\/dev\/apoyenos\/#primaryimage\",\"url\":\"https:\/\/icpcolombia.org\/dev\/wp-content\/uploads\/2015\/11\/Bann.jpg\",\"contentUrl\":\"https:\/\/icpcolombia.org\/dev\/wp-content\/uploads\/2015\/11\/Bann.jpg\",\"width\":1620,\"height\":365},{\"@type\":\"WebSite\",\"@id\":\"\/#website\",\"url\":\"\/\",\"name\":\"ICP\",\"description\":\"Instituto de Ciencia Pol\u00edtica Hern\u00e1n Echavarr\u00eda Ol\u00f3zaga\",\"publisher\":{\"@id\":\"\/#organization\"},\"potentialAction\":[{\"@type\":\"SearchAction\",\"target\":{\"@type\":\"EntryPoint\",\"urlTemplate\":\"\/?s={search_term_string}\"},\"query-input\":\"required name=search_term_string\"}],\"inLanguage\":\"es\"},{\"@type\":\"Organization\",\"@id\":\"\/#organization\",\"name\":\"ICP Colombia\",\"url\":\"\/\",\"logo\":{\"@type\":\"ImageObject\",\"inLanguage\":\"es\",\"@id\":\"\/#\/schema\/logo\/image\/\",\"url\":\"https:\/\/www.icpcolombia.org\/dev\/wp-content\/uploads\/2015\/11\/Logo1.png\",\"contentUrl\":\"https:\/\/www.icpcolombia.org\/dev\/wp-content\/uploads\/2015\/11\/Logo1.png\",\"width\":192,\"height\":82,\"caption\":\"ICP Colombia\"},\"image\":{\"@id\":\"\/#\/schema\/logo\/image\/\"}}]}<\/script>\n<!-- \/ Yoast SEO plugin. -->","yoast_head_json":{"title":"Ap\u00f3yenos con su donaci\u00f3n - ICP","robots":{"index":"index","follow":"follow","max-snippet":"max-snippet:-1","max-image-preview":"max-image-preview:large","max-video-preview":"max-video-preview:-1"},"canonical":"https:\/\/icpcolombia.org\/dev\/apoyenos\/","og_locale":"es_ES","og_type":"article","og_title":"Ap\u00f3yenos con su donaci\u00f3n - ICP","og_description":"[vc_row][vc_column][vc_column_text]Su apoyo es fundamental para que el ICP cumpla con su misi\u00f3n de promover los principios de la democracia pluralista y la econom\u00eda de mercado. Con su donaci\u00f3n continuaremos nuestro trabajo riguroso de investigaci\u00f3n y an\u00e1lisis, y la promoci\u00f3n de espacios de discusi\u00f3n que fortalezcan nuestras instituciones y contribuyan al desarrollo social y econ\u00f3mico.[\/vc_column_text][\/vc_column][\/vc_row][vc_row][vc_column css=\u00bb.vc_custom_1567783781994{border-radius:","og_url":"https:\/\/icpcolombia.org\/dev\/apoyenos\/","og_site_name":"ICP","article_modified_time":"2019-09-06T15:33:13+00:00","og_image":[{"width":1620,"height":365,"url":"https:\/\/icpcolombia.org\/dev\/wp-content\/uploads\/2015\/11\/Bann.jpg","type":"image\/jpeg"}],"twitter_card":"summary_large_image","twitter_misc":{"Tiempo de lectura":"1 minuto"},"schema":{"@context":"https:\/\/schema.org","@graph":[{"@type":"WebPage","@id":"https:\/\/icpcolombia.org\/dev\/apoyenos\/","url":"https:\/\/icpcolombia.org\/dev\/apoyenos\/","name":"Ap\u00f3yenos con su donaci\u00f3n - ICP","isPartOf":{"@id":"\/#website"},"primaryImageOfPage":{"@id":"https:\/\/icpcolombia.org\/dev\/apoyenos\/#primaryimage"},"image":{"@id":"https:\/\/icpcolombia.org\/dev\/apoyenos\/#primaryimage"},"thumbnailUrl":"https:\/\/icpcolombia.org\/dev\/wp-content\/uploads\/2015\/11\/Bann.jpg","datePublished":"2015-11-30T16:03:57+00:00","dateModified":"2019-09-06T15:33:13+00:00","inLanguage":"es","potentialAction":[{"@type":"ReadAction","target":["https:\/\/icpcolombia.org\/dev\/apoyenos\/"]}]},{"@type":"ImageObject","inLanguage":"es","@id":"https:\/\/icpcolombia.org\/dev\/apoyenos\/#primaryimage","url":"https:\/\/icpcolombia.org\/dev\/wp-content\/uploads\/2015\/11\/Bann.jpg","contentUrl":"https:\/\/icpcolombia.org\/dev\/wp-content\/uploads\/2015\/11\/Bann.jpg","width":1620,"height":365},{"@type":"WebSite","@id":"\/#website","url":"\/","name":"ICP","description":"Instituto de Ciencia Pol\u00edtica Hern\u00e1n Echavarr\u00eda Ol\u00f3zaga","publisher":{"@id":"\/#organization"},"potentialAction":[{"@type":"SearchAction","target":{"@type":"EntryPoint","urlTemplate":"\/?s={search_term_string}"},"query-input":"required name=search_term_string"}],"inLanguage":"es"},{"@type":"Organization","@id":"\/#organization","name":"ICP Colombia","url":"\/","logo":{"@type":"ImageObject","inLanguage":"es","@id":"\/#\/schema\/logo\/image\/","url":"https:\/\/www.icpcolombia.org\/dev\/wp-content\/uploads\/2015\/11\/Logo1.png","contentUrl":"https:\/\/www.icpcolombia.org\/dev\/wp-content\/uploads\/2015\/11\/Logo1.png","width":192,"height":82,"caption":"ICP Colombia"},"image":{"@id":"\/#\/schema\/logo\/image\/"}}]}},"_links":{"self":[{"href":"https:\/\/icpcolombia.org\/dev\/wp-json\/wp\/v2\/pages\/281"}],"collection":[{"href":"https:\/\/icpcolombia.org\/dev\/wp-json\/wp\/v2\/pages"}],"about":[{"href":"https:\/\/icpcolombia.org\/dev\/wp-json\/wp\/v2\/types\/page"}],"author":[{"embeddable":true,"href":"https:\/\/icpcolombia.org\/dev\/wp-json\/wp\/v2\/users\/4"}],"replies":[{"embeddable":true,"href":"https:\/\/icpcolombia.org\/dev\/wp-json\/wp\/v2\/comments?post=281"}],"version-history":[{"count":14,"href":"https:\/\/icpcolombia.org\/dev\/wp-json\/wp\/v2\/pages\/281\/revisions"}],"predecessor-version":[{"id":7571,"href":"https:\/\/icpcolombia.org\/dev\/wp-json\/wp\/v2\/pages\/281\/revisions\/7571"}],"wp:featuredmedia":[{"embeddable":true,"href":"https:\/\/icpcolombia.org\/dev\/wp-json\/wp\/v2\/media\/5816"}],"wp:attachment":[{"href":"https:\/\/icpcolombia.org\/dev\/wp-json\/wp\/v2\/media?parent=281"}],"curies":[{"name":"wp","href":"https:\/\/api.w.org\/{rel}","templated":true}]}}