{"id":350,"date":"2015-12-06T03:30:25","date_gmt":"2015-12-06T03:30:25","guid":{"rendered":"https:\/\/icpcolombia.org\/dev\/?page_id=350"},"modified":"2017-10-05T11:27:12","modified_gmt":"2017-10-05T16:27:12","slug":"fuentes-de-financiacion","status":"publish","type":"page","link":"https:\/\/icpcolombia.org\/dev\/fuentes-de-financiacion\/","title":{"rendered":"Fuentes de Financiaci\u00f3n"},"content":{"rendered":"<p>[vc_row][vc_column][vc_custom_heading text=\u00bbEmpresas Aliadas\u00bb use_theme_fonts=\u00bbyes\u00bb el_class=\u00bbtitle-type-01&#8243;][vc_column_text]El Instituto de Ciencia Pol\u00edtica promueve la participaci\u00f3n activa, responsable y transparente del sector privado en el dise\u00f1o y ejecuci\u00f3n de las pol\u00edticas p\u00fablicas y acompa\u00f1a al empresariado para que fortalezca su relaci\u00f3n con diferentes actores sociales y pol\u00edticos.<\/p>\n<p>Las Empresas Aliadas del ICP cuentan con una plataforma a su disposici\u00f3n para plantear discusiones estrat\u00e9gicas sobre todos aquellos asuntos que afectan el desarrollo de un sector empresarial fuerte y responsable e incidir de manera efectiva en los procesos de toma de decisiones p\u00fablicas y privadas.<\/p>\n<p>Para ello, adem\u00e1s de las actividades de estudio y an\u00e1lisis que realiza permanentemente, el Instituto est\u00e1 en la capacidad de llevar a cabo investigaciones especiales, construir propuestas y promover debates sobre temas espec\u00edficos que respondan a las inquietudes e intereses del sector privado.[\/vc_column_text][vc_custom_heading text=\u00bbEn 2016 el ICP recibi\u00f3 el apoyo de:\u00bb font_container=\u00bbtag:h3|text_align:left\u00bb use_theme_fonts=\u00bbyes\u00bb el_class=\u00bbtitle-type-02&#8243;][vc_row_inner][vc_column_inner width=\u00bb1\/6&#8243;][vc_single_image image=\u00bb370&#8243; onclick=\u00bbcustom_link\u00bb img_link_target=\u00bb_blank\u00bb link=\u00bbhttp:\/\/www.acesco.com\/\u00bb][\/vc_column_inner][vc_column_inner width=\u00bb1\/6&#8243;][vc_single_image image=\u00bb367&#8243; onclick=\u00bbcustom_link\u00bb img_link_target=\u00bb_blank\u00bb link=\u00bbhttp:\/\/www.corona.co\/\u00bb][\/vc_column_inner][vc_column_inner width=\u00bb1\/6&#8243;][vc_single_image image=\u00bb366&#8243; onclick=\u00bbcustom_link\u00bb img_link_target=\u00bb_blank\u00bb link=\u00bbhttps:\/\/www.davivienda.com\u00bb][\/vc_column_inner][vc_column_inner width=\u00bb1\/6&#8243;][vc_single_image image=\u00bb365&#8243; onclick=\u00bbcustom_link\u00bb img_link_target=\u00bb_blank\u00bb link=\u00bbhttp:\/\/web.fedepalma.org\/\u00bb][\/vc_column_inner][vc_column_inner width=\u00bb1\/6&#8243;][vc_single_image image=\u00bb364&#8243; onclick=\u00bbcustom_link\u00bb img_link_target=\u00bb_blank\u00bb link=\u00bbhttp:\/\/www.fenavi.org\/\u00bb][\/vc_column_inner][\/vc_row_inner][vc_row_inner][vc_column_inner width=\u00bb1\/6&#8243;][vc_single_image image=\u00bb363&#8243; onclick=\u00bbcustom_link\u00bb img_link_target=\u00bb_blank\u00bb link=\u00bbhttp:\/\/www.manuelita.com\/\u00bb][\/vc_column_inner][vc_column_inner width=\u00bb1\/3&#8243;][vc_single_image image=\u00bb2648&#8243; img_size=\u00bbfull\u00bb alignment=\u00bbcenter\u00bb onclick=\u00bbcustom_link\u00bb img_link_target=\u00bb_blank\u00bb link=\u00bbhttps:\/\/www.riopaila-castilla.com\/index.php\u00bb][\/vc_column_inner][vc_column_inner width=\u00bb1\/6&#8243;][vc_single_image image=\u00bb362&#8243; onclick=\u00bbcustom_link\u00bb img_link_target=\u00bb_blank\u00bb link=\u00bbhttp:\/\/www.santafe.com.co\/html\/i_portals\/index.php\u00bb][\/vc_column_inner][vc_column_inner width=\u00bb1\/6&#8243;][vc_single_image image=\u00bb361&#8243; onclick=\u00bbcustom_link\u00bb img_link_target=\u00bb_blank\u00bb link=\u00bbhttp:\/\/www.segurosbolivar.co\/wps\/portal\/SegurosBolivar\/!ut\/p\/b1\/04_SjzQ0MTI1MzC0sDDVj9CPykssy0xPLMnMz0vMAfGjzOJdTJ0DPYJNzDz9DdwsDTyDvD0cPb3DDA1MDIAKIoEKDHAARwNC-sP1o8BK8Jjg55Gfm6qfG5VjGZCuqAgAb7wgMg!!\/dl4\/d5\/L2dBISEvZ0FBIS9nQSEh\/\u00bb][\/vc_column_inner][\/vc_row_inner][vc_row_inner][vc_column_inner width=\u00bb1\/6&#8243;][\/vc_column_inner][vc_column_inner width=\u00bb1\/6&#8243;][\/vc_column_inner][vc_column_inner width=\u00bb1\/6&#8243;][\/vc_column_inner][vc_column_inner width=\u00bb1\/6&#8243;][\/vc_column_inner][vc_column_inner width=\u00bb1\/6&#8243;][\/vc_column_inner][vc_column_inner width=\u00bb1\/6&#8243;][\/vc_column_inner][\/vc_row_inner][\/vc_column][\/vc_row][vc_row][vc_column][vc_custom_heading text=\u00bbSocios\u00bb use_theme_fonts=\u00bbyes\u00bb el_class=\u00bbtitle-type-01&#8243;][vc_column_text]Los socios del Instituto de Ciencia Pol\u00edtica son personas naturales comprometidas con los valores que inspiraron su creaci\u00f3n y que lo acompa\u00f1an en su esfuerzo por ampliar el debate p\u00fablico sobre los temas que tienen un impacto en la calidad de la democracia y el entorno empresarial del pa\u00eds.[\/vc_column_text][vc_custom_heading text=\u00bbAgradecemos el apoyo que nos brindaron durante 2016:\u00bb font_container=\u00bbtag:h3|text_align:left\u00bb use_theme_fonts=\u00bbyes\u00bb el_class=\u00bbtitle-type-02&#8243;][vc_row_inner][vc_column_inner width=\u00bb1\/3&#8243;][vc_column_text el_class=\u00bblist-type01&#8243;]<\/p>\n<ul>\n<li>David Aguirre<\/li>\n<li>Juan Andr\u00e9s Alb\u00e1n Saldarriaga<\/li>\n<li>Adolfo Arango Montoya<\/li>\n<li>Jos\u00e9 Manuel Arias Carrizosa<\/li>\n<li>Eduardo Bayona De Francisco<\/li>\n<li>Felipe Botero Caicedo<\/li>\n<li>Mauricio Botero Caicedo<\/li>\n<li>Henry Bradford Sicard<\/li>\n<li>Fernando Caballero Arroyo<\/li>\n<li>Juan Mart\u00edn Caicedo Ferrer<\/li>\n<li>Jorge Camacho Cubides<\/li>\n<li>Jorge C\u00e1rdenas Guti\u00e9rrez<\/li>\n<li>Mario Carvajalino Ar\u00e9valo<\/li>\n<li>Gustavo Casadiego Cadena<\/li>\n<\/ul>\n<p>[\/vc_column_text][\/vc_column_inner][vc_column_inner width=\u00bb1\/3&#8243;][vc_column_text el_class=\u00bblist-type01&#8243;]<\/p>\n<ul>\n<li>Jer\u00f3nimo Castro Jaramillo<\/li>\n<li>Jos\u00e9 Alejandro Cort\u00e9s Osorio<\/li>\n<li>Jos\u00e9 Ram\u00f3n De La Torre Lago<\/li>\n<li>Gabriel Echavarr\u00eda Obreg\u00f3n<\/li>\n<li>Alvaro Escall\u00f3n Emiliani<\/li>\n<li>Alberto Furmanski<\/li>\n<li>Alberto Galofre Cano<\/li>\n<li>Jaime Garc\u00eda Parra<\/li>\n<li>Diana Sof\u00eda Giraldo de Melo<\/li>\n<li>Marena Hering<\/li>\n<li>Jos\u00e9 F\u00e9lix Lafaurie Rivera<\/li>\n<li>Jaime Lizarralde Lora<\/li>\n<li>An\u00edbal L\u00f3pez Trujillo<\/li>\n<\/ul>\n<p>[\/vc_column_text][\/vc_column_inner][vc_column_inner width=\u00bb1\/3&#8243;][vc_column_text el_class=\u00bblist-type01&#8243;]<\/p>\n<ul>\n<li>Eugenio Marlano De La Ossa<\/li>\n<li>Alvaro Hern\u00e1n Mej\u00eda Pab\u00f3n<\/li>\n<li>Javier Francisco Mu\u00f1oz<\/li>\n<li>Juan Camilo Nari\u00f1o Alcocer<\/li>\n<li>Luis Prieto Ocampo<\/li>\n<li>Jorge Arturo Pinilla Rubiano<\/li>\n<li>Antonio Puerto Tovar<\/li>\n<li>Luis Eduardo Ram\u00edrez<\/li>\n<li>Luis Fernando Ram\u00edrez<\/li>\n<li>Alvaro Rueda Celis<\/li>\n<li>Luis Jaime Salgar Vegalara<\/li>\n<li>Gloria Vargas de Rojas<\/li>\n<li>Pedro Vargas Gallo<\/li>\n<\/ul>\n<p>[\/vc_column_text][\/vc_column_inner][\/vc_row_inner][\/vc_column][\/vc_row][vc_row][vc_column][vc_custom_heading text=\u00bbProyectos\u00bb use_theme_fonts=\u00bbyes\u00bb el_class=\u00bbtitle-type-01&#8243;][vc_column_text]Gracias al apoyo de un importante grupo de instituciones nacionales e internacionales, el ICP desarrolla una serie de proyectos encaminados al fortalecimiento de la democracia, el libre mercado y la generaci\u00f3n de propuestas concretas para el perfeccionamiento de la pol\u00edtica p\u00fablica en distintas \u00e1reas de trabajo.[\/vc_column_text][vc_custom_heading text=\u00bbAgradecemos la confianza depositada en el ICP durante 2016 por:\u00bb font_container=\u00bbtag:h3|text_align:left\u00bb use_theme_fonts=\u00bbyes\u00bb el_class=\u00bbtitle-type-02&#8243;][vc_empty_space height=\u00bb10px\u00bb][vc_row_inner][vc_column_inner width=\u00bb1\/6&#8243;][vc_single_image image=\u00bb5238&#8243; onclick=\u00bbcustom_link\u00bb img_link_target=\u00bb_blank\u00bb link=\u00bbhttps:\/\/www.apccolombia.gov.co\/\u00bb][vc_single_image image=\u00bb5241&#8243; onclick=\u00bbcustom_link\u00bb img_link_target=\u00bb_blank\u00bb link=\u00bbhttps:\/\/www.davivienda.com\/wps\/portal\/personas\/nuevo\u00bb][vc_single_image image=\u00bb5251&#8243; onclick=\u00bbcustom_link\u00bb img_link_target=\u00bb_blank\u00bb link=\u00bbhttps:\/\/www.gruposura.com\/Paginas\/default.aspx\u00bb][vc_single_image image=\u00bb5260&#8243; img_size=\u00bbfull\u00bb add_caption=\u00bbyes\u00bb alignment=\u00bbcenter\u00bb onclick=\u00bbcustom_link\u00bb img_link_target=\u00bb_blank\u00bb link=\u00bbhttps:\/\/www.riopaila-castilla.com\/index.php\u00bb][\/vc_column_inner][vc_column_inner width=\u00bb1\/6&#8243;][vc_single_image image=\u00bb5233&#8243; onclick=\u00bbcustom_link\u00bb img_link_target=\u00bb_blank\u00bb link=\u00bbhttp:\/\/www.anglogoldashanticolombia.com\/\u00bb][vc_single_image image=\u00bb5249&#8243; onclick=\u00bbcustom_link\u00bb link=\u00bbhttp:\/\/www.swedenabroad.com\/es-ES\/Embassies\/Bogota-DC\/\u00bb][vc_single_image image=\u00bb396&#8243; onclick=\u00bbcustom_link\u00bb img_link_target=\u00bb_blank\u00bb link=\u00bbhttp:\/\/www.kas.de\/kolumbien\/es\/\u00bb][vc_single_image image=\u00bb5252&#8243; onclick=\u00bbcustom_link\u00bb link=\u00bbhttp:\/\/www.segurosbolivar.com.co\/wps\/portal\/\u00bb][\/vc_column_inner][vc_column_inner width=\u00bb1\/6&#8243;][vc_single_image image=\u00bb5255&#8243; onclick=\u00bbcustom_link\u00bb img_link_target=\u00bb_blank\u00bb link=\u00bbhttps:\/\/www.caf.com\/\u00bb][vc_single_image image=\u00bb5239&#8243; onclick=\u00bbcustom_link\u00bb link=\u00bbhttp:\/\/web.fedepalma.org\/\u00bb][vc_single_image image=\u00bb5247&#8243; onclick=\u00bbcustom_link\u00bb img_link_target=\u00bb_blank\u00bb link=\u00bbhttp:\/\/www.oas.org\/es\/\u00bb][\/vc_column_inner][vc_column_inner width=\u00bb1\/6&#8243;][vc_single_image image=\u00bb5259&#8243; onclick=\u00bbcustom_link\u00bb img_link_target=\u00bb_blank\u00bb link=\u00bbhttps:\/\/www.celsia.com\u00bb][vc_single_image image=\u00bb391&#8243; onclick=\u00bbcustom_link\u00bb img_link_target=\u00bb_blank\u00bb link=\u00bbhttp:\/\/www.ideaspaz.org\/\u00bb][vc_single_image image=\u00bb5248&#8243; onclick=\u00bbcustom_link\u00bb img_link_target=\u00bb_blank\u00bb link=\u00bbhttps:\/\/www.iom.int\/es\u00bb][\/vc_column_inner][vc_column_inner width=\u00bb1\/6&#8243;][vc_single_image image=\u00bb5256&#8243; onclick=\u00bbcustom_link\u00bb img_link_target=\u00bb_blank\u00bb link=\u00bbhttp:\/\/www.centroregionalpmal.org\/\u00bb][vc_single_image image=\u00bb5244&#8243; onclick=\u00bbcustom_link\u00bb img_link_target=\u00bb_blank\u00bb link=\u00bbhttps:\/\/www.finagro.com.co\/\u00bb][vc_single_image image=\u00bb5257&#8243; onclick=\u00bbcustom_link\u00bb img_link_target=\u00bb_blank\u00bb link=\u00bbhttp:\/\/www.ilo.org\/global\/lang&#8211;es\/index.htm\u00bb][\/vc_column_inner][vc_column_inner width=\u00bb1\/6&#8243;][vc_single_image image=\u00bb5240&#8243; onclick=\u00bbcustom_link\u00bb img_link_target=\u00bb_blank\u00bb link=\u00bbhttp:\/\/www.corona.co\/\u00bb][vc_single_image image=\u00bb394&#8243; onclick=\u00bbcustom_link\u00bb img_link_target=\u00bb_blank\u00bb link=\u00bbhttp:\/\/www.argos.co\/colombia\u00bb][vc_single_image image=\u00bb5253&#8243; onclick=\u00bbcustom_link\u00bb img_link_target=\u00bb_blank\u00bb link=\u00bbhttp:\/\/relial.org\/\u00bb][\/vc_column_inner][\/vc_row_inner][vc_custom_heading text=\u00bbAgradecemos la confianza depositada en el ICP durante 2017 por:\u00bb font_container=\u00bbtag:h3|text_align:left\u00bb use_theme_fonts=\u00bbyes\u00bb el_class=\u00bbtitle-type-02&#8243;][vc_empty_space height=\u00bb10px\u00bb][vc_row_inner][vc_column_inner width=\u00bb1\/6&#8243;][vc_single_image image=\u00bb5233&#8243; onclick=\u00bbcustom_link\u00bb img_link_target=\u00bb_blank\u00bb link=\u00bbhttp:\/\/www.anglogoldashanticolombia.com\/\u00bb][vc_single_image image=\u00bb396&#8243; onclick=\u00bbcustom_link\u00bb img_link_target=\u00bb_blank\u00bb link=\u00bbhttp:\/\/www.kas.de\/kolumbien\/es\/\u00bb][\/vc_column_inner][vc_column_inner width=\u00bb1\/6&#8243;][vc_single_image image=\u00bb5255&#8243; onclick=\u00bbcustom_link\u00bb img_link_target=\u00bb_blank\u00bb link=\u00bbhttps:\/\/www.caf.com\/\u00bb][vc_single_image image=\u00bb5247&#8243; onclick=\u00bbcustom_link\u00bb img_link_target=\u00bb_blank\u00bb link=\u00bbhttp:\/\/www.oas.org\/es\/\u00bb][\/vc_column_inner][vc_column_inner width=\u00bb1\/6&#8243;][vc_single_image image=\u00bb5331&#8243; onclick=\u00bbcustom_link\u00bb img_link_target=\u00bb_blank\u00bb link=\u00bbhttp:\/\/www.cej.org.co\/\u00bb][vc_single_image image=\u00bb5257&#8243; onclick=\u00bbcustom_link\u00bb img_link_target=\u00bb_blank\u00bb link=\u00bbhttp:\/\/www.ilo.org\/global\/lang&#8211;es\/index.htm\u00bb][\/vc_column_inner][vc_column_inner width=\u00bb1\/6&#8243;][vc_single_image image=\u00bb835&#8243; onclick=\u00bbcustom_link\u00bb img_link_target=\u00bb_blank\u00bb link=\u00bbhttp:\/\/www.cipe.org\/\u00bb][\/vc_column_inner][vc_column_inner width=\u00bb1\/6&#8243;][vc_single_image image=\u00bb5240&#8243; onclick=\u00bbcustom_link\u00bb img_link_target=\u00bb_blank\u00bb link=\u00bbhttp:\/\/www.corona.co\/\u00bb][\/vc_column_inner][vc_column_inner width=\u00bb1\/6&#8243;][vc_single_image image=\u00bb5239&#8243; onclick=\u00bbcustom_link\u00bb link=\u00bbhttp:\/\/web.fedepalma.org\/\u00bb][\/vc_column_inner][\/vc_row_inner][vc_custom_heading text=\u00bbOtros apoyos:\u00bb font_container=\u00bbtag:h3|text_align:left\u00bb use_theme_fonts=\u00bbyes\u00bb el_class=\u00bbtitle-type-02&#8243;][vc_row_inner][vc_column_inner width=\u00bb1\/6&#8243;][vc_single_image image=\u00bb383&#8243; onclick=\u00bbcustom_link\u00bb img_link_target=\u00bb_blank\u00bb link=\u00bbhttp:\/\/www.andi.com.co\/\u00bb][\/vc_column_inner][vc_column_inner width=\u00bb1\/6&#8243;][vc_single_image image=\u00bb386&#8243; onclick=\u00bbcustom_link\u00bb img_link_target=\u00bb_blank\u00bb link=\u00bbhttps:\/\/www.atlasnetwork.org\/\u00bb][\/vc_column_inner][vc_column_inner width=\u00bb1\/6&#8243;][vc_single_image image=\u00bb389&#8243; onclick=\u00bbcustom_link\u00bb img_link_target=\u00bb_blank\u00bb link=\u00bbhttp:\/\/www.elespectador.com\/noticias\u00bb][\/vc_column_inner][vc_column_inner width=\u00bb1\/6&#8243;][vc_single_image image=\u00bb882&#8243; onclick=\u00bbcustom_link\u00bb img_link_target=\u00bb_blank\u00bb link=\u00bbhttp:\/\/www.eluniversal.com.co\/\u00bb][\/vc_column_inner][vc_column_inner width=\u00bb1\/6&#8243;][\/vc_column_inner][vc_column_inner width=\u00bb1\/6&#8243;][\/vc_column_inner][\/vc_row_inner][\/vc_column][\/vc_row][vc_row][vc_column][\/vc_column][\/vc_row]<\/p>\n","protected":false},"excerpt":{"rendered":"<p>[vc_row][vc_column][vc_custom_heading text=\u00bbEmpresas Aliadas\u00bb use_theme_fonts=\u00bbyes\u00bb el_class=\u00bbtitle-type-01&#8243;][vc_column_text]El Instituto de Ciencia Pol\u00edtica promueve la participaci\u00f3n activa, responsable y transparente del sector privado en el dise\u00f1o y ejecuci\u00f3n de las pol\u00edticas p\u00fablicas y acompa\u00f1a al empresariado para que fortalezca su relaci\u00f3n con diferentes actores sociales y pol\u00edticos. Las Empresas Aliadas del ICP cuentan con una plataforma a su disposici\u00f3n<\/p>\n","protected":false},"author":4,"featured_media":0,"parent":0,"menu_order":0,"comment_status":"closed","ping_status":"closed","template":"template-no-sidebar.php","meta":{"footnotes":""},"class_list":["post-350","page","type-page","status-publish","hentry"],"yoast_head":"<!-- This site is optimized with the Yoast SEO plugin v23.1 - https:\/\/yoast.com\/wordpress\/plugins\/seo\/ -->\n<title>Fuentes de Financiaci\u00f3n - ICP<\/title>\n<meta name=\"robots\" content=\"index, follow, max-snippet:-1, max-image-preview:large, max-video-preview:-1\" \/>\n<link rel=\"canonical\" href=\"https:\/\/icpcolombia.org\/dev\/fuentes-de-financiacion\/\" class=\"yoast-seo-meta-tag\" \/>\n<meta property=\"og:locale\" content=\"es_ES\" class=\"yoast-seo-meta-tag\" \/>\n<meta property=\"og:type\" content=\"article\" class=\"yoast-seo-meta-tag\" \/>\n<meta property=\"og:title\" content=\"Fuentes de Financiaci\u00f3n - ICP\" class=\"yoast-seo-meta-tag\" \/>\n<meta property=\"og:description\" content=\"[vc_row][vc_column][vc_custom_heading text=\u00bbEmpresas Aliadas\u00bb use_theme_fonts=\u00bbyes\u00bb el_class=\u00bbtitle-type-01&#8243;][vc_column_text]El Instituto de Ciencia Pol\u00edtica promueve la participaci\u00f3n activa, responsable y transparente del sector privado en el dise\u00f1o y ejecuci\u00f3n de las pol\u00edticas p\u00fablicas y acompa\u00f1a al empresariado para que fortalezca su relaci\u00f3n con diferentes actores sociales y pol\u00edticos. Las Empresas Aliadas del ICP cuentan con una plataforma a su disposici\u00f3n\" class=\"yoast-seo-meta-tag\" \/>\n<meta property=\"og:url\" content=\"https:\/\/icpcolombia.org\/dev\/fuentes-de-financiacion\/\" class=\"yoast-seo-meta-tag\" \/>\n<meta property=\"og:site_name\" content=\"ICP\" class=\"yoast-seo-meta-tag\" \/>\n<meta property=\"article:modified_time\" content=\"2017-10-05T16:27:12+00:00\" class=\"yoast-seo-meta-tag\" \/>\n<meta name=\"twitter:card\" content=\"summary_large_image\" class=\"yoast-seo-meta-tag\" \/>\n<meta name=\"twitter:label1\" content=\"Tiempo de lectura\" class=\"yoast-seo-meta-tag\" \/>\n\t<meta name=\"twitter:data1\" content=\"8 minutos\" class=\"yoast-seo-meta-tag\" \/>\n<script type=\"application\/ld+json\" class=\"yoast-schema-graph\">{\"@context\":\"https:\/\/schema.org\",\"@graph\":[{\"@type\":\"WebPage\",\"@id\":\"https:\/\/icpcolombia.org\/dev\/fuentes-de-financiacion\/\",\"url\":\"https:\/\/icpcolombia.org\/dev\/fuentes-de-financiacion\/\",\"name\":\"Fuentes de Financiaci\u00f3n - ICP\",\"isPartOf\":{\"@id\":\"\/#website\"},\"datePublished\":\"2015-12-06T03:30:25+00:00\",\"dateModified\":\"2017-10-05T16:27:12+00:00\",\"inLanguage\":\"es\",\"potentialAction\":[{\"@type\":\"ReadAction\",\"target\":[\"https:\/\/icpcolombia.org\/dev\/fuentes-de-financiacion\/\"]}]},{\"@type\":\"WebSite\",\"@id\":\"\/#website\",\"url\":\"\/\",\"name\":\"ICP\",\"description\":\"Instituto de Ciencia Pol\u00edtica Hern\u00e1n Echavarr\u00eda Ol\u00f3zaga\",\"publisher\":{\"@id\":\"\/#organization\"},\"potentialAction\":[{\"@type\":\"SearchAction\",\"target\":{\"@type\":\"EntryPoint\",\"urlTemplate\":\"\/?s={search_term_string}\"},\"query-input\":\"required name=search_term_string\"}],\"inLanguage\":\"es\"},{\"@type\":\"Organization\",\"@id\":\"\/#organization\",\"name\":\"ICP Colombia\",\"url\":\"\/\",\"logo\":{\"@type\":\"ImageObject\",\"inLanguage\":\"es\",\"@id\":\"\/#\/schema\/logo\/image\/\",\"url\":\"https:\/\/www.icpcolombia.org\/dev\/wp-content\/uploads\/2015\/11\/Logo1.png\",\"contentUrl\":\"https:\/\/www.icpcolombia.org\/dev\/wp-content\/uploads\/2015\/11\/Logo1.png\",\"width\":192,\"height\":82,\"caption\":\"ICP Colombia\"},\"image\":{\"@id\":\"\/#\/schema\/logo\/image\/\"}}]}<\/script>\n<!-- \/ Yoast SEO plugin. -->","yoast_head_json":{"title":"Fuentes de Financiaci\u00f3n - ICP","robots":{"index":"index","follow":"follow","max-snippet":"max-snippet:-1","max-image-preview":"max-image-preview:large","max-video-preview":"max-video-preview:-1"},"canonical":"https:\/\/icpcolombia.org\/dev\/fuentes-de-financiacion\/","og_locale":"es_ES","og_type":"article","og_title":"Fuentes de Financiaci\u00f3n - ICP","og_description":"[vc_row][vc_column][vc_custom_heading text=\u00bbEmpresas Aliadas\u00bb use_theme_fonts=\u00bbyes\u00bb el_class=\u00bbtitle-type-01&#8243;][vc_column_text]El Instituto de Ciencia Pol\u00edtica promueve la participaci\u00f3n activa, responsable y transparente del sector privado en el dise\u00f1o y ejecuci\u00f3n de las pol\u00edticas p\u00fablicas y acompa\u00f1a al empresariado para que fortalezca su relaci\u00f3n con diferentes actores sociales y pol\u00edticos. Las Empresas Aliadas del ICP cuentan con una plataforma a su disposici\u00f3n","og_url":"https:\/\/icpcolombia.org\/dev\/fuentes-de-financiacion\/","og_site_name":"ICP","article_modified_time":"2017-10-05T16:27:12+00:00","twitter_card":"summary_large_image","twitter_misc":{"Tiempo de lectura":"8 minutos"},"schema":{"@context":"https:\/\/schema.org","@graph":[{"@type":"WebPage","@id":"https:\/\/icpcolombia.org\/dev\/fuentes-de-financiacion\/","url":"https:\/\/icpcolombia.org\/dev\/fuentes-de-financiacion\/","name":"Fuentes de Financiaci\u00f3n - ICP","isPartOf":{"@id":"\/#website"},"datePublished":"2015-12-06T03:30:25+00:00","dateModified":"2017-10-05T16:27:12+00:00","inLanguage":"es","potentialAction":[{"@type":"ReadAction","target":["https:\/\/icpcolombia.org\/dev\/fuentes-de-financiacion\/"]}]},{"@type":"WebSite","@id":"\/#website","url":"\/","name":"ICP","description":"Instituto de Ciencia Pol\u00edtica Hern\u00e1n Echavarr\u00eda Ol\u00f3zaga","publisher":{"@id":"\/#organization"},"potentialAction":[{"@type":"SearchAction","target":{"@type":"EntryPoint","urlTemplate":"\/?s={search_term_string}"},"query-input":"required name=search_term_string"}],"inLanguage":"es"},{"@type":"Organization","@id":"\/#organization","name":"ICP Colombia","url":"\/","logo":{"@type":"ImageObject","inLanguage":"es","@id":"\/#\/schema\/logo\/image\/","url":"https:\/\/www.icpcolombia.org\/dev\/wp-content\/uploads\/2015\/11\/Logo1.png","contentUrl":"https:\/\/www.icpcolombia.org\/dev\/wp-content\/uploads\/2015\/11\/Logo1.png","width":192,"height":82,"caption":"ICP Colombia"},"image":{"@id":"\/#\/schema\/logo\/image\/"}}]}},"_links":{"self":[{"href":"https:\/\/icpcolombia.org\/dev\/wp-json\/wp\/v2\/pages\/350"}],"collection":[{"href":"https:\/\/icpcolombia.org\/dev\/wp-json\/wp\/v2\/pages"}],"about":[{"href":"https:\/\/icpcolombia.org\/dev\/wp-json\/wp\/v2\/types\/page"}],"author":[{"embeddable":true,"href":"https:\/\/icpcolombia.org\/dev\/wp-json\/wp\/v2\/users\/4"}],"replies":[{"embeddable":true,"href":"https:\/\/icpcolombia.org\/dev\/wp-json\/wp\/v2\/comments?post=350"}],"version-history":[{"count":83,"href":"https:\/\/icpcolombia.org\/dev\/wp-json\/wp\/v2\/pages\/350\/revisions"}],"predecessor-version":[{"id":352,"href":"https:\/\/icpcolombia.org\/dev\/wp-json\/wp\/v2\/pages\/350\/revisions\/352"}],"wp:attachment":[{"href":"https:\/\/icpcolombia.org\/dev\/wp-json\/wp\/v2\/media?parent=350"}],"curies":[{"name":"wp","href":"https:\/\/api.w.org\/{rel}","templated":true}]}}