{"id":406,"date":"2015-12-06T05:22:40","date_gmt":"2015-12-06T10:22:40","guid":{"rendered":"https:\/\/icpcolombia.org\/dev\/?page_id=406"},"modified":"2024-02-29T15:05:04","modified_gmt":"2024-02-29T20:05:04","slug":"que-esta-pasando-en-el-congreso","status":"publish","type":"page","link":"https:\/\/icpcolombia.org\/dev\/que-esta-pasando-en-el-congreso\/","title":{"rendered":"\u00bfQu\u00e9 est\u00e1 pasando en el Congreso?"},"content":{"rendered":"<div class=\"vce-row-container\" data-vce-boxed-width=\"true\"><div class=\"vce-row vce-row--col-gap-30 vce-row-equal-height vce-row-content--top\" id=\"el-ef14982c\" data-vce-do-apply=\"all el-ef14982c\"><div class=\"vce-row-content\" data-vce-element-content=\"true\"><div class=\"vce-col vce-col--md-auto vce-col--xs-1 vce-col--xs-last vce-col--xs-first vce-col--sm-last vce-col--sm-first vce-col--md-last vce-col--lg-last vce-col--xl-last vce-col--md-first vce-col--lg-first vce-col--xl-first\" id=\"el-e7ac8ca5\"><div class=\"vce-col-inner\" data-vce-do-apply=\"border margin background  el-e7ac8ca5\"><div class=\"vce-col-content\" data-vce-element-content=\"true\" data-vce-do-apply=\"padding el-e7ac8ca5\"><div class=\"vce-text-block\"><div class=\"vce-text-block-wrapper vce\" id=\"el-930be9ef\" data-vce-do-apply=\"all el-930be9ef\"><p><\/p>\n<\/div><\/div><\/div><\/div><\/div><\/div><\/div><\/div>\n","protected":false},"excerpt":{"rendered":"","protected":false},"author":4,"featured_media":0,"parent":0,"menu_order":0,"comment_status":"closed","ping_status":"closed","template":"","meta":{"footnotes":""},"class_list":["post-406","page","type-page","status-publish","hentry"],"yoast_head":"<!-- This site is optimized with the Yoast SEO plugin v23.1 - https:\/\/yoast.com\/wordpress\/plugins\/seo\/ -->\n<title>\u00bfQu\u00e9 est\u00e1 pasando en el Congreso? - ICP<\/title>\n<meta name=\"robots\" content=\"index, follow, max-snippet:-1, max-image-preview:large, max-video-preview:-1\" \/>\n<link rel=\"canonical\" href=\"https:\/\/icpcolombia.org\/dev\/que-esta-pasando-en-el-congreso\/\" class=\"yoast-seo-meta-tag\" \/>\n<meta property=\"og:locale\" content=\"es_ES\" class=\"yoast-seo-meta-tag\" \/>\n<meta property=\"og:type\" content=\"article\" class=\"yoast-seo-meta-tag\" \/>\n<meta property=\"og:title\" content=\"\u00bfQu\u00e9 est\u00e1 pasando en el Congreso? - ICP\" class=\"yoast-seo-meta-tag\" \/>\n<meta property=\"og:url\" content=\"https:\/\/icpcolombia.org\/dev\/que-esta-pasando-en-el-congreso\/\" class=\"yoast-seo-meta-tag\" \/>\n<meta property=\"og:site_name\" content=\"ICP\" class=\"yoast-seo-meta-tag\" \/>\n<meta property=\"article:modified_time\" content=\"2024-02-29T20:05:04+00:00\" class=\"yoast-seo-meta-tag\" \/>\n<meta name=\"twitter:card\" content=\"summary_large_image\" class=\"yoast-seo-meta-tag\" \/>\n<script type=\"application\/ld+json\" class=\"yoast-schema-graph\">{\"@context\":\"https:\/\/schema.org\",\"@graph\":[{\"@type\":\"WebPage\",\"@id\":\"https:\/\/icpcolombia.org\/dev\/que-esta-pasando-en-el-congreso\/\",\"url\":\"https:\/\/icpcolombia.org\/dev\/que-esta-pasando-en-el-congreso\/\",\"name\":\"\u00bfQu\u00e9 est\u00e1 pasando en el Congreso? - ICP\",\"isPartOf\":{\"@id\":\"\/#website\"},\"datePublished\":\"2015-12-06T10:22:40+00:00\",\"dateModified\":\"2024-02-29T20:05:04+00:00\",\"inLanguage\":\"es\",\"potentialAction\":[{\"@type\":\"ReadAction\",\"target\":[\"https:\/\/icpcolombia.org\/dev\/que-esta-pasando-en-el-congreso\/\"]}]},{\"@type\":\"WebSite\",\"@id\":\"\/#website\",\"url\":\"\/\",\"name\":\"ICP\",\"description\":\"Instituto de Ciencia Pol\u00edtica Hern\u00e1n Echavarr\u00eda Ol\u00f3zaga\",\"publisher\":{\"@id\":\"\/#organization\"},\"potentialAction\":[{\"@type\":\"SearchAction\",\"target\":{\"@type\":\"EntryPoint\",\"urlTemplate\":\"\/?s={search_term_string}\"},\"query-input\":\"required name=search_term_string\"}],\"inLanguage\":\"es\"},{\"@type\":\"Organization\",\"@id\":\"\/#organization\",\"name\":\"ICP Colombia\",\"url\":\"\/\",\"logo\":{\"@type\":\"ImageObject\",\"inLanguage\":\"es\",\"@id\":\"\/#\/schema\/logo\/image\/\",\"url\":\"https:\/\/www.icpcolombia.org\/dev\/wp-content\/uploads\/2015\/11\/Logo1.png\",\"contentUrl\":\"https:\/\/www.icpcolombia.org\/dev\/wp-content\/uploads\/2015\/11\/Logo1.png\",\"width\":192,\"height\":82,\"caption\":\"ICP Colombia\"},\"image\":{\"@id\":\"\/#\/schema\/logo\/image\/\"}}]}<\/script>\n<!-- \/ Yoast SEO plugin. -->","yoast_head_json":{"title":"\u00bfQu\u00e9 est\u00e1 pasando en el Congreso? - ICP","robots":{"index":"index","follow":"follow","max-snippet":"max-snippet:-1","max-image-preview":"max-image-preview:large","max-video-preview":"max-video-preview:-1"},"canonical":"https:\/\/icpcolombia.org\/dev\/que-esta-pasando-en-el-congreso\/","og_locale":"es_ES","og_type":"article","og_title":"\u00bfQu\u00e9 est\u00e1 pasando en el Congreso? - ICP","og_url":"https:\/\/icpcolombia.org\/dev\/que-esta-pasando-en-el-congreso\/","og_site_name":"ICP","article_modified_time":"2024-02-29T20:05:04+00:00","twitter_card":"summary_large_image","schema":{"@context":"https:\/\/schema.org","@graph":[{"@type":"WebPage","@id":"https:\/\/icpcolombia.org\/dev\/que-esta-pasando-en-el-congreso\/","url":"https:\/\/icpcolombia.org\/dev\/que-esta-pasando-en-el-congreso\/","name":"\u00bfQu\u00e9 est\u00e1 pasando en el Congreso? - ICP","isPartOf":{"@id":"\/#website"},"datePublished":"2015-12-06T10:22:40+00:00","dateModified":"2024-02-29T20:05:04+00:00","inLanguage":"es","potentialAction":[{"@type":"ReadAction","target":["https:\/\/icpcolombia.org\/dev\/que-esta-pasando-en-el-congreso\/"]}]},{"@type":"WebSite","@id":"\/#website","url":"\/","name":"ICP","description":"Instituto de Ciencia Pol\u00edtica Hern\u00e1n Echavarr\u00eda Ol\u00f3zaga","publisher":{"@id":"\/#organization"},"potentialAction":[{"@type":"SearchAction","target":{"@type":"EntryPoint","urlTemplate":"\/?s={search_term_string}"},"query-input":"required name=search_term_string"}],"inLanguage":"es"},{"@type":"Organization","@id":"\/#organization","name":"ICP Colombia","url":"\/","logo":{"@type":"ImageObject","inLanguage":"es","@id":"\/#\/schema\/logo\/image\/","url":"https:\/\/www.icpcolombia.org\/dev\/wp-content\/uploads\/2015\/11\/Logo1.png","contentUrl":"https:\/\/www.icpcolombia.org\/dev\/wp-content\/uploads\/2015\/11\/Logo1.png","width":192,"height":82,"caption":"ICP Colombia"},"image":{"@id":"\/#\/schema\/logo\/image\/"}}]}},"_links":{"self":[{"href":"https:\/\/icpcolombia.org\/dev\/wp-json\/wp\/v2\/pages\/406"}],"collection":[{"href":"https:\/\/icpcolombia.org\/dev\/wp-json\/wp\/v2\/pages"}],"about":[{"href":"https:\/\/icpcolombia.org\/dev\/wp-json\/wp\/v2\/types\/page"}],"author":[{"embeddable":true,"href":"https:\/\/icpcolombia.org\/dev\/wp-json\/wp\/v2\/users\/4"}],"replies":[{"embeddable":true,"href":"https:\/\/icpcolombia.org\/dev\/wp-json\/wp\/v2\/comments?post=406"}],"version-history":[{"count":4,"href":"https:\/\/icpcolombia.org\/dev\/wp-json\/wp\/v2\/pages\/406\/revisions"}],"predecessor-version":[{"id":7599,"href":"https:\/\/icpcolombia.org\/dev\/wp-json\/wp\/v2\/pages\/406\/revisions\/7599"}],"wp:attachment":[{"href":"https:\/\/icpcolombia.org\/dev\/wp-json\/wp\/v2\/media?parent=406"}],"curies":[{"name":"wp","href":"https:\/\/api.w.org\/{rel}","templated":true}]}}