{"id":5,"date":"2015-09-30T15:12:31","date_gmt":"2015-09-30T15:12:31","guid":{"rendered":"https:\/\/icpcolombia.org\/dev\/?page_id=5"},"modified":"2019-01-31T12:54:28","modified_gmt":"2019-01-31T17:54:28","slug":"quienes-somos","status":"publish","type":"page","link":"https:\/\/icpcolombia.org\/dev\/que-es-icp\/quienes-somos\/","title":{"rendered":"Qui\u00e9nes Somos"},"content":{"rendered":"<p>[vc_row][vc_column][vc_column_text]<\/p>\n<p style=\"text-align: justify;\">El Instituto de Ciencia Pol\u00edtica Hern\u00e1n Echavarr\u00eda Ol\u00f3zaga \u2013ICP es un centro de pensamiento colombiano de origen empresarial, de car\u00e1cter privado, cuya misi\u00f3n es promover los principios de la democracia pluralista y la econom\u00eda de mercado y, con fundamento en ellos, contribuir al perfeccionamiento de las instituciones y al desarrollo econ\u00f3mico y social.<\/p>\n<p style=\"text-align: justify;\">Desde su fundaci\u00f3n en 1987, el ICP se ha destacado por la independencia y la rigurosidad de sus an\u00e1lisis y por su capacidad para convocar y liderar espacios de discusi\u00f3n multisectoriales. De esta manera, acompa\u00f1a, apoya e incide en los procesos de toma de decisiones, tanto p\u00fablicas como privadas, que tienen un impacto sobre la ciudadan\u00eda.<\/p>\n<p style=\"text-align: justify;\">En 2016 y 2017 el Instituto de Ciencia Pol\u00edtica fue reconocido en las categor\u00edas Best Independent Think Tanks; Top Transparency and Good Governance Think Tanks y Top Think Tanks in Central and South America de acuerdo con el reporte Global Go To Think Tank de la Universidad de Pennsylvania, ubic\u00e1ndose as\u00ed dentro de los de mayor influencia en Colombia y Am\u00e9rica Latina.<\/p>\n<p style=\"text-align: justify;\">El ICP hace parte de diversas organizaciones y redes entre las que se cuentan la Red Liberal de Am\u00e9rica Latina, el Center for International Private Enterprise, Atlas Network, la Red Iberoamericana de Estudios Internacionales y la Red Latinoamericana para la Transparencia Legislativa.<\/p>\n<p>[\/vc_column_text][vc_btn title=\u00bbEstatutos\u00bb align=\u00bbright\u00bb link=\u00bburl:http%3A%2F%2Fwww.icpcolombia.org%2Fdev%2Fwp-content%2Fuploads%2F2019%2F01%2FICP-ESTATUTOS-PROP-REFORMA.pdf||target:%20_blank|\u00bb el_class=\u00bblink-type-01&#8243;][\/vc_column][\/vc_row]<\/p>\n","protected":false},"excerpt":{"rendered":"<p>[vc_row][vc_column][vc_column_text] El Instituto de Ciencia Pol\u00edtica Hern\u00e1n Echavarr\u00eda Ol\u00f3zaga \u2013ICP es un centro de pensamiento colombiano de origen empresarial, de car\u00e1cter privado, cuya misi\u00f3n es promover los principios de la democracia pluralista y la econom\u00eda de mercado y, con fundamento en ellos, contribuir al perfeccionamiento de las instituciones y al desarrollo econ\u00f3mico y social. Desde<\/p>\n","protected":false},"author":4,"featured_media":5855,"parent":8,"menu_order":0,"comment_status":"closed","ping_status":"closed","template":"template-01.php","meta":{"footnotes":""},"class_list":["post-5","page","type-page","status-publish","has-post-thumbnail","hentry"],"yoast_head":"<!-- This site is optimized with the Yoast SEO plugin v23.1 - https:\/\/yoast.com\/wordpress\/plugins\/seo\/ -->\n<title>Qui\u00e9nes Somos - ICP<\/title>\n<meta name=\"robots\" content=\"index, follow, max-snippet:-1, max-image-preview:large, max-video-preview:-1\" \/>\n<link rel=\"canonical\" href=\"https:\/\/icpcolombia.org\/dev\/que-es-icp\/quienes-somos\/\" class=\"yoast-seo-meta-tag\" \/>\n<meta property=\"og:locale\" content=\"es_ES\" class=\"yoast-seo-meta-tag\" \/>\n<meta property=\"og:type\" content=\"article\" class=\"yoast-seo-meta-tag\" \/>\n<meta property=\"og:title\" content=\"Qui\u00e9nes Somos - ICP\" class=\"yoast-seo-meta-tag\" \/>\n<meta property=\"og:description\" content=\"[vc_row][vc_column][vc_column_text] El Instituto de Ciencia Pol\u00edtica Hern\u00e1n Echavarr\u00eda Ol\u00f3zaga \u2013ICP es un centro de pensamiento colombiano de origen empresarial, de car\u00e1cter privado, cuya misi\u00f3n es promover los principios de la democracia pluralista y la econom\u00eda de mercado y, con fundamento en ellos, contribuir al perfeccionamiento de las instituciones y al desarrollo econ\u00f3mico y social. Desde\" class=\"yoast-seo-meta-tag\" \/>\n<meta property=\"og:url\" content=\"https:\/\/icpcolombia.org\/dev\/que-es-icp\/quienes-somos\/\" class=\"yoast-seo-meta-tag\" \/>\n<meta property=\"og:site_name\" content=\"ICP\" class=\"yoast-seo-meta-tag\" \/>\n<meta property=\"article:modified_time\" content=\"2019-01-31T17:54:28+00:00\" class=\"yoast-seo-meta-tag\" \/>\n<meta property=\"og:image\" content=\"https:\/\/icpcolombia.org\/dev\/wp-content\/uploads\/2015\/09\/Opcion-4.jpg\" class=\"yoast-seo-meta-tag\" \/>\n\t<meta property=\"og:image:width\" content=\"1112\" class=\"yoast-seo-meta-tag\" \/>\n\t<meta property=\"og:image:height\" content=\"470\" class=\"yoast-seo-meta-tag\" \/>\n\t<meta property=\"og:image:type\" content=\"image\/jpeg\" class=\"yoast-seo-meta-tag\" \/>\n<meta name=\"twitter:card\" content=\"summary_large_image\" class=\"yoast-seo-meta-tag\" \/>\n<meta name=\"twitter:label1\" content=\"Tiempo de lectura\" class=\"yoast-seo-meta-tag\" \/>\n\t<meta name=\"twitter:data1\" content=\"1 minuto\" class=\"yoast-seo-meta-tag\" \/>\n<script type=\"application\/ld+json\" class=\"yoast-schema-graph\">{\"@context\":\"https:\/\/schema.org\",\"@graph\":[{\"@type\":\"WebPage\",\"@id\":\"https:\/\/icpcolombia.org\/dev\/que-es-icp\/quienes-somos\/\",\"url\":\"https:\/\/icpcolombia.org\/dev\/que-es-icp\/quienes-somos\/\",\"name\":\"Qui\u00e9nes Somos - ICP\",\"isPartOf\":{\"@id\":\"\/#website\"},\"primaryImageOfPage\":{\"@id\":\"https:\/\/icpcolombia.org\/dev\/que-es-icp\/quienes-somos\/#primaryimage\"},\"image\":{\"@id\":\"https:\/\/icpcolombia.org\/dev\/que-es-icp\/quienes-somos\/#primaryimage\"},\"thumbnailUrl\":\"https:\/\/icpcolombia.org\/dev\/wp-content\/uploads\/2015\/09\/Opcion-4.jpg\",\"datePublished\":\"2015-09-30T15:12:31+00:00\",\"dateModified\":\"2019-01-31T17:54:28+00:00\",\"breadcrumb\":{\"@id\":\"https:\/\/icpcolombia.org\/dev\/que-es-icp\/quienes-somos\/#breadcrumb\"},\"inLanguage\":\"es\",\"potentialAction\":[{\"@type\":\"ReadAction\",\"target\":[\"https:\/\/icpcolombia.org\/dev\/que-es-icp\/quienes-somos\/\"]}]},{\"@type\":\"ImageObject\",\"inLanguage\":\"es\",\"@id\":\"https:\/\/icpcolombia.org\/dev\/que-es-icp\/quienes-somos\/#primaryimage\",\"url\":\"https:\/\/icpcolombia.org\/dev\/wp-content\/uploads\/2015\/09\/Opcion-4.jpg\",\"contentUrl\":\"https:\/\/icpcolombia.org\/dev\/wp-content\/uploads\/2015\/09\/Opcion-4.jpg\",\"width\":1112,\"height\":470},{\"@type\":\"BreadcrumbList\",\"@id\":\"https:\/\/icpcolombia.org\/dev\/que-es-icp\/quienes-somos\/#breadcrumb\",\"itemListElement\":[{\"@type\":\"ListItem\",\"position\":1,\"name\":\"Home\",\"item\":\"https:\/\/icpcolombia.org\/dev\/que-es-icp\/\"},{\"@type\":\"ListItem\",\"position\":2,\"name\":\"Qui\u00e9nes Somos\"}]},{\"@type\":\"WebSite\",\"@id\":\"\/#website\",\"url\":\"\/\",\"name\":\"ICP\",\"description\":\"Instituto de Ciencia Pol\u00edtica Hern\u00e1n Echavarr\u00eda Ol\u00f3zaga\",\"publisher\":{\"@id\":\"\/#organization\"},\"potentialAction\":[{\"@type\":\"SearchAction\",\"target\":{\"@type\":\"EntryPoint\",\"urlTemplate\":\"\/?s={search_term_string}\"},\"query-input\":\"required name=search_term_string\"}],\"inLanguage\":\"es\"},{\"@type\":\"Organization\",\"@id\":\"\/#organization\",\"name\":\"ICP Colombia\",\"url\":\"\/\",\"logo\":{\"@type\":\"ImageObject\",\"inLanguage\":\"es\",\"@id\":\"\/#\/schema\/logo\/image\/\",\"url\":\"https:\/\/www.icpcolombia.org\/dev\/wp-content\/uploads\/2015\/11\/Logo1.png\",\"contentUrl\":\"https:\/\/www.icpcolombia.org\/dev\/wp-content\/uploads\/2015\/11\/Logo1.png\",\"width\":192,\"height\":82,\"caption\":\"ICP Colombia\"},\"image\":{\"@id\":\"\/#\/schema\/logo\/image\/\"}}]}<\/script>\n<!-- \/ Yoast SEO plugin. -->","yoast_head_json":{"title":"Qui\u00e9nes Somos - ICP","robots":{"index":"index","follow":"follow","max-snippet":"max-snippet:-1","max-image-preview":"max-image-preview:large","max-video-preview":"max-video-preview:-1"},"canonical":"https:\/\/icpcolombia.org\/dev\/que-es-icp\/quienes-somos\/","og_locale":"es_ES","og_type":"article","og_title":"Qui\u00e9nes Somos - ICP","og_description":"[vc_row][vc_column][vc_column_text] El Instituto de Ciencia Pol\u00edtica Hern\u00e1n Echavarr\u00eda Ol\u00f3zaga \u2013ICP es un centro de pensamiento colombiano de origen empresarial, de car\u00e1cter privado, cuya misi\u00f3n es promover los principios de la democracia pluralista y la econom\u00eda de mercado y, con fundamento en ellos, contribuir al perfeccionamiento de las instituciones y al desarrollo econ\u00f3mico y social. Desde","og_url":"https:\/\/icpcolombia.org\/dev\/que-es-icp\/quienes-somos\/","og_site_name":"ICP","article_modified_time":"2019-01-31T17:54:28+00:00","og_image":[{"width":1112,"height":470,"url":"https:\/\/icpcolombia.org\/dev\/wp-content\/uploads\/2015\/09\/Opcion-4.jpg","type":"image\/jpeg"}],"twitter_card":"summary_large_image","twitter_misc":{"Tiempo de lectura":"1 minuto"},"schema":{"@context":"https:\/\/schema.org","@graph":[{"@type":"WebPage","@id":"https:\/\/icpcolombia.org\/dev\/que-es-icp\/quienes-somos\/","url":"https:\/\/icpcolombia.org\/dev\/que-es-icp\/quienes-somos\/","name":"Qui\u00e9nes Somos - ICP","isPartOf":{"@id":"\/#website"},"primaryImageOfPage":{"@id":"https:\/\/icpcolombia.org\/dev\/que-es-icp\/quienes-somos\/#primaryimage"},"image":{"@id":"https:\/\/icpcolombia.org\/dev\/que-es-icp\/quienes-somos\/#primaryimage"},"thumbnailUrl":"https:\/\/icpcolombia.org\/dev\/wp-content\/uploads\/2015\/09\/Opcion-4.jpg","datePublished":"2015-09-30T15:12:31+00:00","dateModified":"2019-01-31T17:54:28+00:00","breadcrumb":{"@id":"https:\/\/icpcolombia.org\/dev\/que-es-icp\/quienes-somos\/#breadcrumb"},"inLanguage":"es","potentialAction":[{"@type":"ReadAction","target":["https:\/\/icpcolombia.org\/dev\/que-es-icp\/quienes-somos\/"]}]},{"@type":"ImageObject","inLanguage":"es","@id":"https:\/\/icpcolombia.org\/dev\/que-es-icp\/quienes-somos\/#primaryimage","url":"https:\/\/icpcolombia.org\/dev\/wp-content\/uploads\/2015\/09\/Opcion-4.jpg","contentUrl":"https:\/\/icpcolombia.org\/dev\/wp-content\/uploads\/2015\/09\/Opcion-4.jpg","width":1112,"height":470},{"@type":"BreadcrumbList","@id":"https:\/\/icpcolombia.org\/dev\/que-es-icp\/quienes-somos\/#breadcrumb","itemListElement":[{"@type":"ListItem","position":1,"name":"Home","item":"https:\/\/icpcolombia.org\/dev\/que-es-icp\/"},{"@type":"ListItem","position":2,"name":"Qui\u00e9nes Somos"}]},{"@type":"WebSite","@id":"\/#website","url":"\/","name":"ICP","description":"Instituto de Ciencia Pol\u00edtica Hern\u00e1n Echavarr\u00eda Ol\u00f3zaga","publisher":{"@id":"\/#organization"},"potentialAction":[{"@type":"SearchAction","target":{"@type":"EntryPoint","urlTemplate":"\/?s={search_term_string}"},"query-input":"required name=search_term_string"}],"inLanguage":"es"},{"@type":"Organization","@id":"\/#organization","name":"ICP Colombia","url":"\/","logo":{"@type":"ImageObject","inLanguage":"es","@id":"\/#\/schema\/logo\/image\/","url":"https:\/\/www.icpcolombia.org\/dev\/wp-content\/uploads\/2015\/11\/Logo1.png","contentUrl":"https:\/\/www.icpcolombia.org\/dev\/wp-content\/uploads\/2015\/11\/Logo1.png","width":192,"height":82,"caption":"ICP Colombia"},"image":{"@id":"\/#\/schema\/logo\/image\/"}}]}},"_links":{"self":[{"href":"https:\/\/icpcolombia.org\/dev\/wp-json\/wp\/v2\/pages\/5"}],"collection":[{"href":"https:\/\/icpcolombia.org\/dev\/wp-json\/wp\/v2\/pages"}],"about":[{"href":"https:\/\/icpcolombia.org\/dev\/wp-json\/wp\/v2\/types\/page"}],"author":[{"embeddable":true,"href":"https:\/\/icpcolombia.org\/dev\/wp-json\/wp\/v2\/users\/4"}],"replies":[{"embeddable":true,"href":"https:\/\/icpcolombia.org\/dev\/wp-json\/wp\/v2\/comments?post=5"}],"version-history":[{"count":13,"href":"https:\/\/icpcolombia.org\/dev\/wp-json\/wp\/v2\/pages\/5\/revisions"}],"predecessor-version":[{"id":7479,"href":"https:\/\/icpcolombia.org\/dev\/wp-json\/wp\/v2\/pages\/5\/revisions\/7479"}],"up":[{"embeddable":true,"href":"https:\/\/icpcolombia.org\/dev\/wp-json\/wp\/v2\/pages\/8"}],"wp:featuredmedia":[{"embeddable":true,"href":"https:\/\/icpcolombia.org\/dev\/wp-json\/wp\/v2\/media\/5855"}],"wp:attachment":[{"href":"https:\/\/icpcolombia.org\/dev\/wp-json\/wp\/v2\/media?parent=5"}],"curies":[{"name":"wp","href":"https:\/\/api.w.org\/{rel}","templated":true}]}}