{"id":6875,"date":"2018-04-30T16:02:52","date_gmt":"2018-04-30T21:02:52","guid":{"rendered":"https:\/\/icpcolombia.org\/?page_id=6875"},"modified":"2019-03-30T21:38:14","modified_gmt":"2019-03-31T02:38:14","slug":"informacion-tributaria","status":"publish","type":"page","link":"https:\/\/icpcolombia.org\/dev\/informacion-tributaria\/","title":{"rendered":"R\u00c9GIMEN TRIBUTARIO ESPECIAL &#8211; Registro Web"},"content":{"rendered":"<p>La Fundaci\u00f3n Instituto de Ciencia Pol\u00edtica \u2013Hern\u00e1n Echavarr\u00eda Ol\u00f3zaga, ha solicitado ante la Unidad Administrativa Especial Direcci\u00f3n de Impuestos y Aduanas Nacionales -DIAN, la actualizaci\u00f3n del registro web como entidad perteneciente al R\u00e9gimen Tributario Especial del Impuesto Sobre la Renta y Complementario, y en cumplimiento a lo que estipula el art\u00edculo 1.2.1.5.1.5 del Decreto 2150 de 2017, y con el objeto de dar transparencia al proceso, se present\u00f3 la siguiente informaci\u00f3n y anexos:<\/p>\n<ul>\n<li><a href=\"http:\/\/www.icpcolombia.org\/dev\/wp-content\/uploads\/2019\/03\/2.-INFORME-DE-GESTION-2018.pdf\">Un informe anual de resultados o Informe de gesti\u00f3n A\u00f1o 2018<\/a><\/li>\n<li><a href=\"http:\/\/www.icpcolombia.org\/dev\/wp-content\/uploads\/2019\/03\/3.-Estados-Financieros-2018.pdf\" target=\"_blank\" rel=\"noopener\">Los estados financieros de la entidad a\u00f1o 2018<\/a><\/li>\n<li><a href=\"http:\/\/www.icpcolombia.org\/dev\/wp-content\/uploads\/2019\/03\/4.-Certificacion-n.13-art.-364-5.pdf\" target=\"_blank\" rel=\"noopener\">Certificaci\u00f3n de Requisitos del representante legal o revisor fiscal en el que evidencia que han cumplido con todos los requisitos durante el respectivo a\u00f1o. (Numeral 13 del par\u00e1grafo 2 del art\u00edculo 364-5 E.T.).<\/a><\/li>\n<li><a href=\"http:\/\/www.icpcolombia.org\/dev\/wp-content\/uploads\/2019\/03\/5.-acta-de-constitucion.pdf\" target=\"_blank\" rel=\"noopener\">Copia de la escritura p\u00fablica, documento privado o acta de constituci\u00f3n en donde conste que est\u00e1 legalmente constituida.<\/a><\/li>\n<li><a href=\"http:\/\/www.icpcolombia.org\/dev\/wp-content\/uploads\/2019\/03\/6.-CAMARA-DE-COMERCIO-19-DE-MARZO-2019.pdf\" target=\"_blank\" rel=\"noopener\">Certificado de existencia y representaci\u00f3n legal expedido por la autoridad competente, en el cual figuren sus administradores, representantes y miembros del consejo u \u00f3rgano directivo cuando hubiere lugar a ello.<\/a><\/li>\n<li><a href=\"http:\/\/www.icpcolombia.org\/dev\/wp-content\/uploads\/2019\/03\/7.-Acta-Consejo-Fundadores.pdf\" target=\"_blank\" rel=\"noopener\">Copia del acta de la Asamblea General o m\u00e1ximo \u00f3rgano de direcci\u00f3n, en la que se autorice al representante legal para que solicite que la entidad sea calificada o permanezca como entidad del R\u00e9gimen Tributario Especial del Impuesto sobre la Renta.<\/a><\/li>\n<li><a href=\"http:\/\/www.icpcolombia.org\/dev\/wp-content\/uploads\/2019\/03\/8.-ICP-ESTATUTOS-NUEVOS.pdf\" target=\"_blank\" rel=\"noopener\">Copia de los estatutos de la entidad o acta del m\u00e1ximo \u00f3rgano directivo donde se indique que el objeto social principal corresponde a una actividad meritoria, que los aportes no son reembolsados, que sus excedentes no son distribuidos y que se identifique los cargos directivos de la entidad. (Numeral 4 del Art. 1.2.1.5.1.8 del Decreto 1625 del 2016).\u00a0<\/a><\/li>\n<li><a href=\"http:\/\/www.icpcolombia.org\/dev\/wp-content\/uploads\/2019\/03\/9.-Certificacion-n.3-art.-364-5.pdf\" target=\"_blank\" rel=\"noopener\">Certificaci\u00f3n del Representante Legal de los antecedentes judiciales y declaraci\u00f3n de caducidad de contratos estatales de los miembros de la junta directiva, fundadores, representantes legales o miembros de los \u00f3rganos de direcci\u00f3n de conformidad con el numeral 3 art\u00edculo 364-3 E.T.<\/a><\/li>\n<li><a href=\"http:\/\/www.icpcolombia.org\/dev\/wp-content\/uploads\/2019\/03\/7.-Acta-Consejo-Fundadores.pdf\" target=\"_blank\" rel=\"noopener\">Copia del acta de Asamblea General o m\u00e1ximo \u00f3rgano de direcci\u00f3n en el que se aprob\u00f3 la distribuci\u00f3n del beneficio neto o excedente del respectivo a\u00f1o gravable, si hay lugar a ello.<\/a><\/li>\n<li><a href=\"http:\/\/www.icpcolombia.org\/dev\/wp-content\/uploads\/2019\/03\/2530-FUNDADORES.pdf\" target=\"_blank\" rel=\"noopener\">Formato 2530 con los\u00a0nombres e identificaci\u00f3n de los fundadores.<\/a><\/li>\n<li><a href=\"http:\/\/www.icpcolombia.org\/dev\/wp-content\/uploads\/2019\/03\/2531-CARGOS-DIRECTIVOS.pdf\" target=\"_blank\" rel=\"noopener\">Formato 2531 con los nombres e identificaci\u00f3n de las personas que ocupan cargos gerenciales, directivos o de control.\u00a0<\/a><\/li>\n<li><a href=\"http:\/\/www.icpcolombia.org\/dev\/wp-content\/uploads\/2019\/03\/2532-DONACIONES.pdf\" target=\"_blank\" rel=\"noopener\">Formato 2532 con el detalle de las donaciones y aportes recibidos<\/a>.<\/li>\n<li><a href=\"http:\/\/www.icpcolombia.org\/dev\/wp-content\/uploads\/2019\/03\/52451000548049-4-(5245).pdf\" target=\"_blank\" rel=\"noopener\">Formato 5245: Solicitud Permanencia en el R\u00e9gimen Tributario Especial.<\/a><\/li>\n<\/ul>\n<p>&nbsp;<\/p>\n","protected":false},"excerpt":{"rendered":"<p>La Fundaci\u00f3n Instituto de Ciencia Pol\u00edtica \u2013Hern\u00e1n Echavarr\u00eda Ol\u00f3zaga, ha solicitado ante la Unidad Administrativa Especial Direcci\u00f3n de Impuestos y Aduanas Nacionales -DIAN, la actualizaci\u00f3n del registro web como entidad perteneciente al R\u00e9gimen Tributario Especial del Impuesto Sobre la Renta y Complementario, y en cumplimiento a lo que estipula el art\u00edculo 1.2.1.5.1.5 del Decreto 2150<\/p>\n","protected":false},"author":4,"featured_media":0,"parent":0,"menu_order":0,"comment_status":"closed","ping_status":"closed","template":"template-01.php","meta":{"footnotes":""},"class_list":["post-6875","page","type-page","status-publish","hentry"],"yoast_head":"<!-- This site is optimized with the Yoast SEO plugin v23.1 - https:\/\/yoast.com\/wordpress\/plugins\/seo\/ -->\n<title>R\u00c9GIMEN TRIBUTARIO ESPECIAL - Registro Web - ICP<\/title>\n<meta name=\"robots\" content=\"index, follow, max-snippet:-1, max-image-preview:large, max-video-preview:-1\" \/>\n<link rel=\"canonical\" href=\"https:\/\/icpcolombia.org\/dev\/informacion-tributaria\/\" class=\"yoast-seo-meta-tag\" \/>\n<meta property=\"og:locale\" content=\"es_ES\" class=\"yoast-seo-meta-tag\" \/>\n<meta property=\"og:type\" content=\"article\" class=\"yoast-seo-meta-tag\" \/>\n<meta property=\"og:title\" content=\"R\u00c9GIMEN TRIBUTARIO ESPECIAL - Registro Web - ICP\" class=\"yoast-seo-meta-tag\" \/>\n<meta property=\"og:description\" content=\"La Fundaci\u00f3n Instituto de Ciencia Pol\u00edtica \u2013Hern\u00e1n Echavarr\u00eda Ol\u00f3zaga, ha solicitado ante la Unidad Administrativa Especial Direcci\u00f3n de Impuestos y Aduanas Nacionales -DIAN, la actualizaci\u00f3n del registro web como entidad perteneciente al R\u00e9gimen Tributario Especial del Impuesto Sobre la Renta y Complementario, y en cumplimiento a lo que estipula el art\u00edculo 1.2.1.5.1.5 del Decreto 2150\" class=\"yoast-seo-meta-tag\" \/>\n<meta property=\"og:url\" content=\"https:\/\/icpcolombia.org\/dev\/informacion-tributaria\/\" class=\"yoast-seo-meta-tag\" \/>\n<meta property=\"og:site_name\" content=\"ICP\" class=\"yoast-seo-meta-tag\" \/>\n<meta property=\"article:modified_time\" content=\"2019-03-31T02:38:14+00:00\" class=\"yoast-seo-meta-tag\" \/>\n<meta name=\"twitter:card\" content=\"summary_large_image\" class=\"yoast-seo-meta-tag\" \/>\n<meta name=\"twitter:label1\" content=\"Tiempo de lectura\" class=\"yoast-seo-meta-tag\" \/>\n\t<meta name=\"twitter:data1\" content=\"2 minutos\" class=\"yoast-seo-meta-tag\" \/>\n<script type=\"application\/ld+json\" class=\"yoast-schema-graph\">{\"@context\":\"https:\/\/schema.org\",\"@graph\":[{\"@type\":\"WebPage\",\"@id\":\"https:\/\/icpcolombia.org\/dev\/informacion-tributaria\/\",\"url\":\"https:\/\/icpcolombia.org\/dev\/informacion-tributaria\/\",\"name\":\"R\u00c9GIMEN TRIBUTARIO ESPECIAL - Registro Web - ICP\",\"isPartOf\":{\"@id\":\"\/#website\"},\"datePublished\":\"2018-04-30T21:02:52+00:00\",\"dateModified\":\"2019-03-31T02:38:14+00:00\",\"inLanguage\":\"es\",\"potentialAction\":[{\"@type\":\"ReadAction\",\"target\":[\"https:\/\/icpcolombia.org\/dev\/informacion-tributaria\/\"]}]},{\"@type\":\"WebSite\",\"@id\":\"\/#website\",\"url\":\"\/\",\"name\":\"ICP\",\"description\":\"Instituto de Ciencia Pol\u00edtica Hern\u00e1n Echavarr\u00eda Ol\u00f3zaga\",\"publisher\":{\"@id\":\"\/#organization\"},\"potentialAction\":[{\"@type\":\"SearchAction\",\"target\":{\"@type\":\"EntryPoint\",\"urlTemplate\":\"\/?s={search_term_string}\"},\"query-input\":\"required name=search_term_string\"}],\"inLanguage\":\"es\"},{\"@type\":\"Organization\",\"@id\":\"\/#organization\",\"name\":\"ICP Colombia\",\"url\":\"\/\",\"logo\":{\"@type\":\"ImageObject\",\"inLanguage\":\"es\",\"@id\":\"\/#\/schema\/logo\/image\/\",\"url\":\"https:\/\/www.icpcolombia.org\/dev\/wp-content\/uploads\/2015\/11\/Logo1.png\",\"contentUrl\":\"https:\/\/www.icpcolombia.org\/dev\/wp-content\/uploads\/2015\/11\/Logo1.png\",\"width\":192,\"height\":82,\"caption\":\"ICP Colombia\"},\"image\":{\"@id\":\"\/#\/schema\/logo\/image\/\"}}]}<\/script>\n<!-- \/ Yoast SEO plugin. -->","yoast_head_json":{"title":"R\u00c9GIMEN TRIBUTARIO ESPECIAL - Registro Web - ICP","robots":{"index":"index","follow":"follow","max-snippet":"max-snippet:-1","max-image-preview":"max-image-preview:large","max-video-preview":"max-video-preview:-1"},"canonical":"https:\/\/icpcolombia.org\/dev\/informacion-tributaria\/","og_locale":"es_ES","og_type":"article","og_title":"R\u00c9GIMEN TRIBUTARIO ESPECIAL - Registro Web - ICP","og_description":"La Fundaci\u00f3n Instituto de Ciencia Pol\u00edtica \u2013Hern\u00e1n Echavarr\u00eda Ol\u00f3zaga, ha solicitado ante la Unidad Administrativa Especial Direcci\u00f3n de Impuestos y Aduanas Nacionales -DIAN, la actualizaci\u00f3n del registro web como entidad perteneciente al R\u00e9gimen Tributario Especial del Impuesto Sobre la Renta y Complementario, y en cumplimiento a lo que estipula el art\u00edculo 1.2.1.5.1.5 del Decreto 2150","og_url":"https:\/\/icpcolombia.org\/dev\/informacion-tributaria\/","og_site_name":"ICP","article_modified_time":"2019-03-31T02:38:14+00:00","twitter_card":"summary_large_image","twitter_misc":{"Tiempo de lectura":"2 minutos"},"schema":{"@context":"https:\/\/schema.org","@graph":[{"@type":"WebPage","@id":"https:\/\/icpcolombia.org\/dev\/informacion-tributaria\/","url":"https:\/\/icpcolombia.org\/dev\/informacion-tributaria\/","name":"R\u00c9GIMEN TRIBUTARIO ESPECIAL - Registro Web - ICP","isPartOf":{"@id":"\/#website"},"datePublished":"2018-04-30T21:02:52+00:00","dateModified":"2019-03-31T02:38:14+00:00","inLanguage":"es","potentialAction":[{"@type":"ReadAction","target":["https:\/\/icpcolombia.org\/dev\/informacion-tributaria\/"]}]},{"@type":"WebSite","@id":"\/#website","url":"\/","name":"ICP","description":"Instituto de Ciencia Pol\u00edtica Hern\u00e1n Echavarr\u00eda Ol\u00f3zaga","publisher":{"@id":"\/#organization"},"potentialAction":[{"@type":"SearchAction","target":{"@type":"EntryPoint","urlTemplate":"\/?s={search_term_string}"},"query-input":"required name=search_term_string"}],"inLanguage":"es"},{"@type":"Organization","@id":"\/#organization","name":"ICP Colombia","url":"\/","logo":{"@type":"ImageObject","inLanguage":"es","@id":"\/#\/schema\/logo\/image\/","url":"https:\/\/www.icpcolombia.org\/dev\/wp-content\/uploads\/2015\/11\/Logo1.png","contentUrl":"https:\/\/www.icpcolombia.org\/dev\/wp-content\/uploads\/2015\/11\/Logo1.png","width":192,"height":82,"caption":"ICP Colombia"},"image":{"@id":"\/#\/schema\/logo\/image\/"}}]}},"_links":{"self":[{"href":"https:\/\/icpcolombia.org\/dev\/wp-json\/wp\/v2\/pages\/6875"}],"collection":[{"href":"https:\/\/icpcolombia.org\/dev\/wp-json\/wp\/v2\/pages"}],"about":[{"href":"https:\/\/icpcolombia.org\/dev\/wp-json\/wp\/v2\/types\/page"}],"author":[{"embeddable":true,"href":"https:\/\/icpcolombia.org\/dev\/wp-json\/wp\/v2\/users\/4"}],"replies":[{"embeddable":true,"href":"https:\/\/icpcolombia.org\/dev\/wp-json\/wp\/v2\/comments?post=6875"}],"version-history":[{"count":11,"href":"https:\/\/icpcolombia.org\/dev\/wp-json\/wp\/v2\/pages\/6875\/revisions"}],"predecessor-version":[{"id":7534,"href":"https:\/\/icpcolombia.org\/dev\/wp-json\/wp\/v2\/pages\/6875\/revisions\/7534"}],"wp:attachment":[{"href":"https:\/\/icpcolombia.org\/dev\/wp-json\/wp\/v2\/media?parent=6875"}],"curies":[{"name":"wp","href":"https:\/\/api.w.org\/{rel}","templated":true}]}}