{"id":8,"date":"2015-09-30T16:44:01","date_gmt":"2015-09-30T16:44:01","guid":{"rendered":"https:\/\/icpcolombia.org\/dev\/?page_id=8"},"modified":"2017-05-04T12:29:34","modified_gmt":"2017-05-04T17:29:34","slug":"que-es-icp","status":"publish","type":"page","link":"https:\/\/icpcolombia.org\/dev\/que-es-icp\/","title":{"rendered":"Quienes Somos"},"content":{"rendered":"<p>[vc_row][vc_column][vc_column_text]El Instituto de Ciencia Pol\u00edtica Hern\u00e1n Echavarr\u00eda Ol\u00f3zaga \u2013ICP es un centro de \u00a0pensamiento colombiano de origen empresarial, de car\u00e1cter privado, cuya misi\u00f3n es promover los principios de la democracia pluralista y la econom\u00eda de mercado y, con fundamento en ellos, contribuir al perfeccionamiento de las instituciones y al desarrollo econ\u00f3mico y social.<\/p>\n<p>Desde su fundaci\u00f3n en 1987, el ICP se ha destacado por la independencia y la rigurosidad de sus an\u00e1lisis y por su capacidad para convocar y liderar espacios de discusi\u00f3n multisectoriales. De esta manera, acompa\u00f1a, apoya e incide en los procesos de toma de decisiones, tanto p\u00fablicas como privadas, que tienen un impacto sobre la ciudadan\u00eda.<\/p>\n<p>En 2016 el Instituto de Ciencia Pol\u00edtica fue reconocido en las categor\u00edas\u00a0<em>Best Independent Think Tanks<\/em>;\u00a0<em>Top Transparency and Good Governance Think Tanks\u00a0<\/em>y\u00a0<em>Top Think Tanks in Central and South America\u00a0<\/em>de acuerdo con el <em>reporte\u00a0Global Go To Think Tank<\/em>\u00a0de la Universidad de Pennsylvania, ubic\u00e1ndose as\u00ed dentro de los de mayor influencia en Colombia y Am\u00e9rica Latina.<\/p>\n<p>El ICP hace parte de diversas organizaciones y redes entre las que se cuentan la Red Liberal de Am\u00e9rica Latina, el\u00a0<em>Center for International Private Enterprise<\/em>,\u00a0<em>Atlas Network<\/em>, la Red Iberoamericana de Estudios Internacionales y la Red Latinoamericana para la Transparencia Legislativa.<\/p>\n<p>[\/vc_column_text][vc_btn title=\u00bbEstatutos de Ciencia Pol\u00edtica Hern\u00e1n Echavarr\u00eda Ol\u00f3zaga\u00bb align=\u00bbright\u00bb link=\u00bburl:http%3A%2F%2Fdynamikdemos.a2hosted.com%2Fclients%2Ficp-colombia%2Fdev%2Fwp-content%2Fuploads%2F2015%2F12%2FEstatutos-Actuales-ICP-2015.pdf||target:%20_blank\u00bb el_class=\u00bblink-type-01&#8243;][\/vc_column][\/vc_row]<\/p>\n","protected":false},"excerpt":{"rendered":"<p>[vc_row][vc_column][vc_column_text]El Instituto de Ciencia Pol\u00edtica Hern\u00e1n Echavarr\u00eda Ol\u00f3zaga \u2013ICP es un centro de \u00a0pensamiento colombiano de origen empresarial, de car\u00e1cter privado, cuya misi\u00f3n es promover los principios de la democracia pluralista y la econom\u00eda de mercado y, con fundamento en ellos, contribuir al perfeccionamiento de las instituciones y al desarrollo econ\u00f3mico y social. Desde su<\/p>\n","protected":false},"author":4,"featured_media":799,"parent":0,"menu_order":0,"comment_status":"closed","ping_status":"closed","template":"template-01.php","meta":{"footnotes":""},"class_list":["post-8","page","type-page","status-publish","has-post-thumbnail","hentry"],"yoast_head":"<!-- This site is optimized with the Yoast SEO plugin v23.1 - https:\/\/yoast.com\/wordpress\/plugins\/seo\/ -->\n<title>Quienes Somos - ICP<\/title>\n<meta name=\"robots\" content=\"index, follow, max-snippet:-1, max-image-preview:large, max-video-preview:-1\" \/>\n<link rel=\"canonical\" href=\"https:\/\/icpcolombia.org\/dev\/que-es-icp\/\" class=\"yoast-seo-meta-tag\" \/>\n<meta property=\"og:locale\" content=\"es_ES\" class=\"yoast-seo-meta-tag\" \/>\n<meta property=\"og:type\" content=\"article\" class=\"yoast-seo-meta-tag\" \/>\n<meta property=\"og:title\" content=\"Quienes Somos - ICP\" class=\"yoast-seo-meta-tag\" \/>\n<meta property=\"og:description\" content=\"[vc_row][vc_column][vc_column_text]El Instituto de Ciencia Pol\u00edtica Hern\u00e1n Echavarr\u00eda Ol\u00f3zaga \u2013ICP es un centro de \u00a0pensamiento colombiano de origen empresarial, de car\u00e1cter privado, cuya misi\u00f3n es promover los principios de la democracia pluralista y la econom\u00eda de mercado y, con fundamento en ellos, contribuir al perfeccionamiento de las instituciones y al desarrollo econ\u00f3mico y social. Desde su\" class=\"yoast-seo-meta-tag\" \/>\n<meta property=\"og:url\" content=\"https:\/\/icpcolombia.org\/dev\/que-es-icp\/\" class=\"yoast-seo-meta-tag\" \/>\n<meta property=\"og:site_name\" content=\"ICP\" class=\"yoast-seo-meta-tag\" \/>\n<meta property=\"article:modified_time\" content=\"2017-05-04T17:29:34+00:00\" class=\"yoast-seo-meta-tag\" \/>\n<meta property=\"og:image\" content=\"https:\/\/icpcolombia.org\/dev\/wp-content\/uploads\/2015\/09\/casa.png\" class=\"yoast-seo-meta-tag\" \/>\n\t<meta property=\"og:image:width\" content=\"1280\" class=\"yoast-seo-meta-tag\" \/>\n\t<meta property=\"og:image:height\" content=\"402\" class=\"yoast-seo-meta-tag\" \/>\n\t<meta property=\"og:image:type\" content=\"image\/png\" class=\"yoast-seo-meta-tag\" \/>\n<meta name=\"twitter:card\" content=\"summary_large_image\" class=\"yoast-seo-meta-tag\" \/>\n<meta name=\"twitter:label1\" content=\"Tiempo de lectura\" class=\"yoast-seo-meta-tag\" \/>\n\t<meta name=\"twitter:data1\" content=\"1 minuto\" class=\"yoast-seo-meta-tag\" \/>\n<script type=\"application\/ld+json\" class=\"yoast-schema-graph\">{\"@context\":\"https:\/\/schema.org\",\"@graph\":[{\"@type\":\"WebPage\",\"@id\":\"https:\/\/icpcolombia.org\/dev\/que-es-icp\/\",\"url\":\"https:\/\/icpcolombia.org\/dev\/que-es-icp\/\",\"name\":\"Quienes Somos - ICP\",\"isPartOf\":{\"@id\":\"\/#website\"},\"primaryImageOfPage\":{\"@id\":\"https:\/\/icpcolombia.org\/dev\/que-es-icp\/#primaryimage\"},\"image\":{\"@id\":\"https:\/\/icpcolombia.org\/dev\/que-es-icp\/#primaryimage\"},\"thumbnailUrl\":\"https:\/\/icpcolombia.org\/dev\/wp-content\/uploads\/2015\/09\/casa.png\",\"datePublished\":\"2015-09-30T16:44:01+00:00\",\"dateModified\":\"2017-05-04T17:29:34+00:00\",\"inLanguage\":\"es\",\"potentialAction\":[{\"@type\":\"ReadAction\",\"target\":[\"https:\/\/icpcolombia.org\/dev\/que-es-icp\/\"]}]},{\"@type\":\"ImageObject\",\"inLanguage\":\"es\",\"@id\":\"https:\/\/icpcolombia.org\/dev\/que-es-icp\/#primaryimage\",\"url\":\"https:\/\/icpcolombia.org\/dev\/wp-content\/uploads\/2015\/09\/casa.png\",\"contentUrl\":\"https:\/\/icpcolombia.org\/dev\/wp-content\/uploads\/2015\/09\/casa.png\",\"width\":1280,\"height\":402},{\"@type\":\"WebSite\",\"@id\":\"\/#website\",\"url\":\"\/\",\"name\":\"ICP\",\"description\":\"Instituto de Ciencia Pol\u00edtica Hern\u00e1n Echavarr\u00eda Ol\u00f3zaga\",\"publisher\":{\"@id\":\"\/#organization\"},\"potentialAction\":[{\"@type\":\"SearchAction\",\"target\":{\"@type\":\"EntryPoint\",\"urlTemplate\":\"\/?s={search_term_string}\"},\"query-input\":\"required name=search_term_string\"}],\"inLanguage\":\"es\"},{\"@type\":\"Organization\",\"@id\":\"\/#organization\",\"name\":\"ICP Colombia\",\"url\":\"\/\",\"logo\":{\"@type\":\"ImageObject\",\"inLanguage\":\"es\",\"@id\":\"\/#\/schema\/logo\/image\/\",\"url\":\"https:\/\/www.icpcolombia.org\/dev\/wp-content\/uploads\/2015\/11\/Logo1.png\",\"contentUrl\":\"https:\/\/www.icpcolombia.org\/dev\/wp-content\/uploads\/2015\/11\/Logo1.png\",\"width\":192,\"height\":82,\"caption\":\"ICP Colombia\"},\"image\":{\"@id\":\"\/#\/schema\/logo\/image\/\"}}]}<\/script>\n<!-- \/ Yoast SEO plugin. -->","yoast_head_json":{"title":"Quienes Somos - ICP","robots":{"index":"index","follow":"follow","max-snippet":"max-snippet:-1","max-image-preview":"max-image-preview:large","max-video-preview":"max-video-preview:-1"},"canonical":"https:\/\/icpcolombia.org\/dev\/que-es-icp\/","og_locale":"es_ES","og_type":"article","og_title":"Quienes Somos - ICP","og_description":"[vc_row][vc_column][vc_column_text]El Instituto de Ciencia Pol\u00edtica Hern\u00e1n Echavarr\u00eda Ol\u00f3zaga \u2013ICP es un centro de \u00a0pensamiento colombiano de origen empresarial, de car\u00e1cter privado, cuya misi\u00f3n es promover los principios de la democracia pluralista y la econom\u00eda de mercado y, con fundamento en ellos, contribuir al perfeccionamiento de las instituciones y al desarrollo econ\u00f3mico y social. Desde su","og_url":"https:\/\/icpcolombia.org\/dev\/que-es-icp\/","og_site_name":"ICP","article_modified_time":"2017-05-04T17:29:34+00:00","og_image":[{"width":1280,"height":402,"url":"https:\/\/icpcolombia.org\/dev\/wp-content\/uploads\/2015\/09\/casa.png","type":"image\/png"}],"twitter_card":"summary_large_image","twitter_misc":{"Tiempo de lectura":"1 minuto"},"schema":{"@context":"https:\/\/schema.org","@graph":[{"@type":"WebPage","@id":"https:\/\/icpcolombia.org\/dev\/que-es-icp\/","url":"https:\/\/icpcolombia.org\/dev\/que-es-icp\/","name":"Quienes Somos - ICP","isPartOf":{"@id":"\/#website"},"primaryImageOfPage":{"@id":"https:\/\/icpcolombia.org\/dev\/que-es-icp\/#primaryimage"},"image":{"@id":"https:\/\/icpcolombia.org\/dev\/que-es-icp\/#primaryimage"},"thumbnailUrl":"https:\/\/icpcolombia.org\/dev\/wp-content\/uploads\/2015\/09\/casa.png","datePublished":"2015-09-30T16:44:01+00:00","dateModified":"2017-05-04T17:29:34+00:00","inLanguage":"es","potentialAction":[{"@type":"ReadAction","target":["https:\/\/icpcolombia.org\/dev\/que-es-icp\/"]}]},{"@type":"ImageObject","inLanguage":"es","@id":"https:\/\/icpcolombia.org\/dev\/que-es-icp\/#primaryimage","url":"https:\/\/icpcolombia.org\/dev\/wp-content\/uploads\/2015\/09\/casa.png","contentUrl":"https:\/\/icpcolombia.org\/dev\/wp-content\/uploads\/2015\/09\/casa.png","width":1280,"height":402},{"@type":"WebSite","@id":"\/#website","url":"\/","name":"ICP","description":"Instituto de Ciencia Pol\u00edtica Hern\u00e1n Echavarr\u00eda Ol\u00f3zaga","publisher":{"@id":"\/#organization"},"potentialAction":[{"@type":"SearchAction","target":{"@type":"EntryPoint","urlTemplate":"\/?s={search_term_string}"},"query-input":"required name=search_term_string"}],"inLanguage":"es"},{"@type":"Organization","@id":"\/#organization","name":"ICP Colombia","url":"\/","logo":{"@type":"ImageObject","inLanguage":"es","@id":"\/#\/schema\/logo\/image\/","url":"https:\/\/www.icpcolombia.org\/dev\/wp-content\/uploads\/2015\/11\/Logo1.png","contentUrl":"https:\/\/www.icpcolombia.org\/dev\/wp-content\/uploads\/2015\/11\/Logo1.png","width":192,"height":82,"caption":"ICP Colombia"},"image":{"@id":"\/#\/schema\/logo\/image\/"}}]}},"_links":{"self":[{"href":"https:\/\/icpcolombia.org\/dev\/wp-json\/wp\/v2\/pages\/8"}],"collection":[{"href":"https:\/\/icpcolombia.org\/dev\/wp-json\/wp\/v2\/pages"}],"about":[{"href":"https:\/\/icpcolombia.org\/dev\/wp-json\/wp\/v2\/types\/page"}],"author":[{"embeddable":true,"href":"https:\/\/icpcolombia.org\/dev\/wp-json\/wp\/v2\/users\/4"}],"replies":[{"embeddable":true,"href":"https:\/\/icpcolombia.org\/dev\/wp-json\/wp\/v2\/comments?post=8"}],"version-history":[{"count":10,"href":"https:\/\/icpcolombia.org\/dev\/wp-json\/wp\/v2\/pages\/8\/revisions"}],"predecessor-version":[{"id":5031,"href":"https:\/\/icpcolombia.org\/dev\/wp-json\/wp\/v2\/pages\/8\/revisions\/5031"}],"wp:featuredmedia":[{"embeddable":true,"href":"https:\/\/icpcolombia.org\/dev\/wp-json\/wp\/v2\/media\/799"}],"wp:attachment":[{"href":"https:\/\/icpcolombia.org\/dev\/wp-json\/wp\/v2\/media?parent=8"}],"curies":[{"name":"wp","href":"https:\/\/api.w.org\/{rel}","templated":true}]}}